{"id":44282,"date":"2023-11-07T20:46:10","date_gmt":"2023-11-07T20:46:10","guid":{"rendered":"https:\/\/hallow.com\/?page_id=44282"},"modified":"2023-12-11T12:01:34","modified_gmt":"2023-12-11T12:01:34","slug":"probiere-hallow-aus","status":"publish","type":"page","link":"https:\/\/hallow.com\/de\/probiere-hallow-aus\/","title":{"rendered":"Probiere Hallow aus"},"content":{"rendered":"\n<div class=\"wp-block-columns help has-black-color has-white-background-color has-text-color has-background is-layout-flex wp-container-core-columns-is-layout-1 wp-block-columns-is-layout-flex\">\n<div class=\"wp-block-column help-content title-content is-layout-flow wp-block-column-is-layout-flow\">\n<h1 class=\"wp-block-heading has-text-align-left\" id=\"h-teste-das-kostenlose-abonnement-von-hallow\" style=\"font-size:55px\">Teste das kostenlose Abonnement von Hallow!<\/h1>\n\n\n\n<p class=\"\">Probiere die weltweit f\u00fchrende katholische App mit \u00fcber 10.000 Gebeten, Meditationen, Novenen, Musik und mehr aus. Schlie\u00df dich \u00fcber 10 Millionen Menschen weltweit an und suche im Gebet den Frieden Gottes.<\/p>\n\n\n\n<div class=\"wp-block-buttons is-layout-flex wp-block-buttons-is-layout-flex\">\n<div class=\"wp-block-button\"><a class=\"wp-block-button__link has-white-color has-black-background-color has-text-color has-background wp-element-button\" href=\"https:\/\/access.hallow.com\/redeem?referrer=thechange\">Probiere Hallow kostenlos aus<\/a><\/div>\n<\/div>\n<\/div>\n\n\n\n<div class=\"wp-block-column is-layout-flow wp-block-column-is-layout-flow\">\n<div class=\"wp-block-group help-image has-black-color has-text-color\"><div class=\"wp-block-group__inner-container is-layout-flow wp-block-group-is-layout-flow\">\n<figure class=\"wp-block-image size-large\"><img decoding=\"async\" width=\"512\" height=\"1024\" data-src=\"https:\/\/hallow.com\/wp-content\/uploads\/2023\/11\/Google-Play-Android-Mobile-1440x2880-1-512x1024.png\" alt=\"\" class=\"wp-image-44374 lazyload\" data-srcset=\"https:\/\/hallow.com\/wp-content\/uploads\/2023\/11\/Google-Play-Android-Mobile-1440x2880-1-512x1024.png 512w, https:\/\/hallow.com\/wp-content\/uploads\/2023\/11\/Google-Play-Android-Mobile-1440x2880-1-250x500.png 250w, https:\/\/hallow.com\/wp-content\/uploads\/2023\/11\/Google-Play-Android-Mobile-1440x2880-1-768x1536.png 768w, https:\/\/hallow.com\/wp-content\/uploads\/2023\/11\/Google-Play-Android-Mobile-1440x2880-1-1024x2048.png 1024w, https:\/\/hallow.com\/wp-content\/uploads\/2023\/11\/Google-Play-Android-Mobile-1440x2880-1-1080x2160.png 1080w, https:\/\/hallow.com\/wp-content\/uploads\/2023\/11\/Google-Play-Android-Mobile-1440x2880-1-610x1220.png 610w, https:\/\/hallow.com\/wp-content\/uploads\/2023\/11\/Google-Play-Android-Mobile-1440x2880-1.png 1440w\" data-sizes=\"(max-width: 512px) 100vw, 512px\" src=\"data:image\/svg+xml;base64,PHN2ZyB3aWR0aD0iMSIgaGVpZ2h0PSIxIiB4bWxucz0iaHR0cDovL3d3dy53My5vcmcvMjAwMC9zdmciPjwvc3ZnPg==\" style=\"--smush-placeholder-width: 512px; --smush-placeholder-aspect-ratio: 512\/1024;\" \/><\/figure>\n<\/div><\/div>\n\n\n\n<p class=\"\"><\/p>\n<\/div>\n<\/div>\n\n\n<section class=\"cloud-block\" data-block_1c312e6a3410bf0afffa58e6bd882247>\n    <div class=\"cloud-block__inner\">\n                                <figure>\n                <img decoding=\"async\" data-src=\"https:\/\/hallow.com\/wp-content\/uploads\/2022\/02\/the-wall-street-journal-copy-500x333.png\" \n                    alt=\"The Wall Street Journal\" src=\"data:image\/svg+xml;base64,PHN2ZyB3aWR0aD0iMSIgaGVpZ2h0PSIxIiB4bWxucz0iaHR0cDovL3d3dy53My5vcmcvMjAwMC9zdmciPjwvc3ZnPg==\" class=\"lazyload\" style=\"--smush-placeholder-width: 500px; --smush-placeholder-aspect-ratio: 500\/333;\" \/>\n            <\/figure>\n                        <figure>\n                <img decoding=\"async\" data-src=\"https:\/\/hallow.com\/wp-content\/uploads\/2022\/02\/forbes-500x333.png\" \n                    alt=\"Forbes Logo\" src=\"data:image\/svg+xml;base64,PHN2ZyB3aWR0aD0iMSIgaGVpZ2h0PSIxIiB4bWxucz0iaHR0cDovL3d3dy53My5vcmcvMjAwMC9zdmciPjwvc3ZnPg==\" class=\"lazyload\" style=\"--smush-placeholder-width: 500px; --smush-placeholder-aspect-ratio: 500\/333;\" \/>\n            <\/figure>\n                        <figure>\n                <img decoding=\"async\" data-src=\"https:\/\/hallow.com\/wp-content\/uploads\/2022\/02\/tech-crunch-2-500x333.png\" \n                    alt=\"Tech Crunch Logo\" src=\"data:image\/svg+xml;base64,PHN2ZyB3aWR0aD0iMSIgaGVpZ2h0PSIxIiB4bWxucz0iaHR0cDovL3d3dy53My5vcmcvMjAwMC9zdmciPjwvc3ZnPg==\" class=\"lazyload\" style=\"--smush-placeholder-width: 500px; --smush-placeholder-aspect-ratio: 500\/333;\" \/>\n            <\/figure>\n                        <figure>\n                <img decoding=\"async\" data-src=\"https:\/\/hallow.com\/wp-content\/uploads\/2022\/02\/fortune-500x333.png\" \n                    alt=\"\" src=\"data:image\/svg+xml;base64,PHN2ZyB3aWR0aD0iMSIgaGVpZ2h0PSIxIiB4bWxucz0iaHR0cDovL3d3dy53My5vcmcvMjAwMC9zdmciPjwvc3ZnPg==\" class=\"lazyload\" style=\"--smush-placeholder-width: 500px; --smush-placeholder-aspect-ratio: 500\/333;\" \/>\n            <\/figure>\n                        <figure>\n                <img decoding=\"async\" data-src=\"https:\/\/hallow.com\/wp-content\/uploads\/2022\/02\/aleteia-copy-500x333.png\" \n                    alt=\"\" src=\"data:image\/svg+xml;base64,PHN2ZyB3aWR0aD0iMSIgaGVpZ2h0PSIxIiB4bWxucz0iaHR0cDovL3d3dy53My5vcmcvMjAwMC9zdmciPjwvc3ZnPg==\" class=\"lazyload\" style=\"--smush-placeholder-width: 500px; --smush-placeholder-aspect-ratio: 500\/333;\" \/>\n            <\/figure>\n                        <figure>\n                <img decoding=\"async\" data-src=\"https:\/\/hallow.com\/wp-content\/uploads\/2022\/02\/ewtn-catholic-network-500x333.png\" \n                    alt=\"EWTN Catholic Network\" src=\"data:image\/svg+xml;base64,PHN2ZyB3aWR0aD0iMSIgaGVpZ2h0PSIxIiB4bWxucz0iaHR0cDovL3d3dy53My5vcmcvMjAwMC9zdmciPjwvc3ZnPg==\" class=\"lazyload\" style=\"--smush-placeholder-width: 500px; --smush-placeholder-aspect-ratio: 500\/333;\" \/>\n            <\/figure>\n                        <\/div>\n<\/section>\n\n<style type=\"text\/css\">\n    [data-block_1c312e6a3410bf0afffa58e6bd882247] .cloud-block__inner {\n        display: grid;\n        grid-auto-columns: minmax(calc(16.66% - 60px), auto);\n        grid-auto-flow: column;\n        justify-content: center;\n        align-items: center;\n    }\n\n    [data-block_1c312e6a3410bf0afffa58e6bd882247] .cloud-block__inner figure {\n        margin: 0;\n    }\n\n    [data-block_1c312e6a3410bf0afffa58e6bd882247] .cloud-block__inner img {\n        width: 100%;\n        min-width: 100%;\n        max-height: 80px;\n    }\n<\/style>\n\n\n\n<div style=\"height:20px\" aria-hidden=\"true\" class=\"wp-block-spacer\"><\/div>\n\n\n\n<div class=\"wp-block-columns is-layout-flex wp-container-core-columns-is-layout-2 wp-block-columns-is-layout-flex\">\n<div class=\"wp-block-column is-layout-flow wp-block-column-is-layout-flow\"><div class=\"wp-block-image\">\n<figure class=\"aligncenter size-full is-resized\"><img decoding=\"async\" data-src=\"https:\/\/hallow.com\/wp-content\/uploads\/2020\/09\/find-peace_2.svg\" alt=\"Hallow App Find Peace Illustration\" class=\"wp-image-3801 lazyload\" style=\"width:100px;height:150px\" src=\"data:image\/svg+xml;base64,PHN2ZyB3aWR0aD0iMSIgaGVpZ2h0PSIxIiB4bWxucz0iaHR0cDovL3d3dy53My5vcmcvMjAwMC9zdmciPjwvc3ZnPg==\" \/><\/figure><\/div>\n\n\n<h4 class=\"wp-block-heading has-text-align-center\" id=\"h-finde-frieden\">Finde Frieden<\/h4>\n\n\n\n<p class=\"has-text-align-center\">Lass Gott dir seinen Frieden bringen mit der Calm Playlist, dem Tagesgebet, dem Rosenkranz, Bibelgeschichten zum Einschlafen und vielem mehr.<\/p>\n<\/div>\n\n\n\n<div class=\"wp-block-column is-layout-flow wp-block-column-is-layout-flow\"><div class=\"wp-block-image\">\n<figure class=\"aligncenter size-large is-resized\"><img decoding=\"async\" data-src=\"https:\/\/hallow.com\/wp-content\/uploads\/2020\/09\/pray-well_1.svg\" alt=\"Hallow App Pray Well Illustration\" class=\"wp-image-3803 lazyload\" style=\"width:100px;height:150px\" src=\"data:image\/svg+xml;base64,PHN2ZyB3aWR0aD0iMSIgaGVpZ2h0PSIxIiB4bWxucz0iaHR0cDovL3d3dy53My5vcmcvMjAwMC9zdmciPjwvc3ZnPg==\" \/><\/figure><\/div>\n\n\n<h4 class=\"wp-block-heading has-text-align-center\" id=\"h-bete-auf-deine-eigene-art-und-weise\">Bete auf deine eigene Art und Weise<\/h4>\n\n\n\n<p class=\"has-text-align-center\">Mehr als 5.000 Gebete mit einer L\u00e4nge von 1 bis 60 Minuten und Hunderte von Musikoptionen, darunter Bibelgeschichten und t\u00e4gliche Gebete, stehen zur Auswahl.<\/p>\n<\/div>\n\n\n\n<div class=\"wp-block-column is-layout-flow wp-block-column-is-layout-flow\"><div class=\"wp-block-image\">\n<figure class=\"aligncenter size-large is-resized\"><img decoding=\"async\" data-src=\"https:\/\/hallow.com\/wp-content\/uploads\/2020\/09\/pray-more_1.svg\" alt=\"Hallow App Pray More Illustration\" class=\"wp-image-3802 lazyload\" style=\"width:99px;height:150px\" src=\"data:image\/svg+xml;base64,PHN2ZyB3aWR0aD0iMSIgaGVpZ2h0PSIxIiB4bWxucz0iaHR0cDovL3d3dy53My5vcmcvMjAwMC9zdmciPjwvc3ZnPg==\" \/><\/figure><\/div>\n\n\n<h4 class=\"wp-block-heading has-text-align-center\" id=\"h-entwickle-eine-gewohnheit\">Entwickle eine Gewohnheit<\/h4>\n\n\n\n<p class=\"has-text-align-center\">Mach das Gebet zu deiner t\u00e4glichen Priorit\u00e4t, indem du dir Ziele setzt, dir Notizen machst und Erinnerungen setzt.<\/p>\n<\/div>\n<\/div>\n\n\n\n<div class=\"wp-block-columns is-layout-flex wp-container-core-columns-is-layout-3 wp-block-columns-is-layout-flex\">\n<div class=\"wp-block-column is-layout-flow wp-block-column-is-layout-flow\" style=\"flex-basis:25%\"><\/div>\n\n\n\n<div class=\"wp-block-column is-layout-flow wp-block-column-is-layout-flow\" style=\"flex-basis:50%\">\n<div class=\"wp-block-buttons is-horizontal is-content-justification-center is-layout-flex wp-container-core-buttons-is-layout-2 wp-block-buttons-is-layout-flex\">\n<div class=\"wp-block-button\"><a class=\"wp-block-button__link has-white-color has-black-background-color has-text-color has-background wp-element-button\" href=\"https:\/\/access.hallow.com\/redeem?referrer=thechange\">Jetzt bei Hallow anmelden!<\/a><\/div>\n<\/div>\n<\/div>\n\n\n\n<div class=\"wp-block-column is-layout-flow wp-block-column-is-layout-flow\" style=\"flex-basis:25%\"><\/div>\n<\/div>\n\n\n\n<div style=\"height:20px\" aria-hidden=\"true\" class=\"wp-block-spacer\"><\/div>\n\n\n<div class=\"testimonial testimonial-large\" data-block_2bc3a61d1780c1c0114ff2967ef439cf>\r\n    <div class=\"testimonial-image\">\r\n        <img decoding=\"async\" data-src=\"https:\/\/hallow.com\/wp-content\/uploads\/2023\/10\/jonathan_roumie-731x1024.png\" alt=\"\" src=\"data:image\/svg+xml;base64,PHN2ZyB3aWR0aD0iMSIgaGVpZ2h0PSIxIiB4bWxucz0iaHR0cDovL3d3dy53My5vcmcvMjAwMC9zdmciPjwvc3ZnPg==\" class=\"lazyload\" style=\"--smush-placeholder-width: 731px; --smush-placeholder-aspect-ratio: 731\/1024;\" \/>\r\n    <\/div>\r\n    <blockquote class=\"testimonial-content\">\r\n        <p>&quot;Hallow hat nicht nur f\u00fcr mich, sondern auch f\u00fcr viele andere eine Ver\u00e4nderung bewirkt. Es ist f\u00fcr JEDEN etwas dabei &#8211; Meditationen. Gebete, Musik, die Heiligen &#8211; was es unheimlich einfach macht, mehr zu beten!&quot;<\/p>\r\n        <cite>\r\n            <div class=\"attribution\">\r\n                <span class=\"testimonial-name\">Jonathan Roumie<\/span>\r\n                <span class=\"testimonial-title\">(Jesus aus The Choses)<\/span>\r\n            <\/div>\r\n        <\/cite>\r\n    <\/blockquote>\r\n<\/div>\r\n\r\n<style type=\"text\/css\">\r\n    \/*#region large*\/\r\n    [data-block_2bc3a61d1780c1c0114ff2967ef439cf].testimonial {\r\n        font-family: 'Radial', sans-serif;\r\n        font-weight: 200;\r\n        font-size: 24px;\r\n        line-height: 30px;\r\n        display: grid;\r\n        grid-template-columns: 50% 50%;\r\n    }\r\n\r\n    [data-block_2bc3a61d1780c1c0114ff2967ef439cf] .testimonial-image {\r\n        background: #C49EE7;\r\n        display: flex;\r\n        justify-content: center;\r\n        align-items: center;\r\n    }\r\n\r\n    [data-block_2bc3a61d1780c1c0114ff2967ef439cf] .testimonial-image img {\r\n        width: 360px;\r\n        height: 500px;\r\n        object-fit: cover;\r\n    }\r\n\r\n    [data-block_2bc3a61d1780c1c0114ff2967ef439cf] .testimonial-content {\r\n        background: #0A0450;\r\n        color: #FFF;\r\n        display: flex;\r\n        flex-direction: column;\r\n        justify-content: center;\r\n        align-items: center;\r\n        text-align: left;\r\n        margin: 0;\r\n        font-weight: bold;\r\n    }\r\n\r\n    [data-block_2bc3a61d1780c1c0114ff2967ef439cf] .testimonial-content cite {\r\n        font-size: 18px;\r\n        font-style: normal;\r\n        font-weight: 400;\r\n    }\r\n\r\n    .block-editor [data-block_2bc3a61d1780c1c0114ff2967ef439cf] .testimonial-content {\r\n        padding: 20px;\r\n    }\r\n    \/*#endregion*\/\r\n    \/*#region small*\/\r\n    [data-block_2bc3a61d1780c1c0114ff2967ef439cf].testimonial.testimonial-small {\r\n        grid-template-columns: 20% 80%;\r\n        padding: 40px;\r\n        max-width: 700px;\r\n        width: calc(100% - 40px);\r\n        margin: 10px auto;\r\n        background-color: #F6F5F8;\r\n        min-height: unset;\r\n    }\r\n    @media  only screen and (max-width: 700px) {\r\n        [data-block_2bc3a61d1780c1c0114ff2967ef439cf].testimonial-small {\r\n            display: flex;\r\n            flex-direction: column;\r\n            padding: 20px;\r\n        }\r\n    }\r\n\r\n    [data-block_2bc3a61d1780c1c0114ff2967ef439cf].testimonial-small .testimonial-image {\r\n        width: 100px;\r\n        height: 100px;\r\n        border-radius: 50px;\r\n        overflow: hidden;\r\n        margin: auto 0;\r\n        background-color: transparent;\r\n        display: block;\r\n    }\r\n    @media  only screen and (max-width: 700px) {\r\n        [data-block_2bc3a61d1780c1c0114ff2967ef439cf].testimonial-small .testimonial-image {\r\n            margin: auto 0 20px;\r\n            padding: 0;\r\n        }\r\n    }\r\n\r\n    [data-block_2bc3a61d1780c1c0114ff2967ef439cf].testimonial-small .testimonial-image img {\r\n        width: 100% !important;\r\n        height: 100% !important;\r\n        object-position: center;\r\n        filter: grayscale(100%);\r\n        -webkit-mask-image: none;\r\n        mask-image: none;\r\n    }\r\n\r\n    [data-block_2bc3a61d1780c1c0114ff2967ef439cf].testimonial-small .testimonial-content {\r\n        background-color: transparent;\r\n        color: black;\r\n        flex-direction: column-reverse;\r\n        font-weight: 400;\r\n        font-family: \"Neue Montreal\", sans-serif;\r\n        font-size: 18px;\r\n        line-height: 21.6px;\r\n        padding: 0;\r\n     }\r\n\r\n    [data-block_2bc3a61d1780c1c0114ff2967ef439cf].testimonial-small .testimonial-content cite {\r\n        font-style: normal;\r\n        font-size: inherit;\r\n        font-weight: inherit;\r\n        margin-top: unset;\r\n        width: 100%;\r\n    }\r\n\r\n    [data-block_2bc3a61d1780c1c0114ff2967ef439cf].testimonial-small .testimonial-content cite span {\r\n        display: block;\r\n    }\r\n\r\n    [data-block_2bc3a61d1780c1c0114ff2967ef439cf].testimonial-small .testimonial-content p {\r\n        margin-bottom: 0;\r\n    }\r\n    @media  only screen and (max-width: 700px) {\r\n        [data-block_2bc3a61d1780c1c0114ff2967ef439cf].testimonial-small .testimonial-content p {\r\n            font-size: 16px;\r\n            line-height: 19.2px;\r\n        }\r\n    }\r\n\r\n    [data-block_2bc3a61d1780c1c0114ff2967ef439cf].testimonial-small .testimonial-name {\r\n        font-size: 24px;\r\n        font-weight: 700;\r\n        line-height: 28.8px;\r\n    }\r\n    @media  only screen and (max-width: 700px) {\r\n        [data-block_2bc3a61d1780c1c0114ff2967ef439cf].testimonial-small .testimonial-name {\r\n            font-size: 18px;\r\n            line-height: 21.6px;\r\n        }\r\n    }\r\n\r\n    [data-block_2bc3a61d1780c1c0114ff2967ef439cf].testimonial-small .testimonial-title {\r\n        text-transform: uppercase;\r\n        font-family: \"Neue Montreal\", sans-serif;\r\n        font-size: 14px;\r\n        line-height: 16.8px;\r\n        color: #7a757e;\r\n    }\r\n    @media  only screen and (max-width: 700px) {\r\n        [data-block_2bc3a61d1780c1c0114ff2967ef439cf].testimonial-small .testimonial-title {\r\n            font-size: 13px;\r\n            line-height: 15.6px;\r\n        }\r\n    }\r\n    \/*#endregion*\/\r\n<\/style>\r\n","protected":false},"excerpt":{"rendered":"<p>Teste das kostenlose Abonnement von Hallow! Probiere die weltweit f\u00fchrende katholische App mit \u00fcber 10.000 Gebeten, Meditationen, Novenen, Musik und mehr aus. Schlie\u00df dich \u00fcber 10 Millionen Menschen weltweit an und suche im Gebet den Frieden Gottes. Finde Frieden Lass Gott dir seinen Frieden bringen mit der Calm Playlist, dem Tagesgebet, dem Rosenkranz, Bibelgeschichten zum &hellip; <a href=\"https:\/\/hallow.com\/de\/probiere-hallow-aus\/\">Continued<\/a><\/p>\n","protected":false},"author":56,"featured_media":44336,"parent":0,"menu_order":0,"comment_status":"closed","ping_status":"closed","template":"views\/no-title-page.blade.php","meta":{"_acf_changed":false,"_et_pb_use_builder":"","_et_pb_old_content":"","_et_gb_content_width":"","inline_featured_image":false,"footnotes":""},"class_list":["post-44282","page","type-page","status-publish","has-post-thumbnail","hentry"],"acf":[],"yoast_head":"<!-- This site is optimized with the Yoast SEO Premium plugin v24.3 (Yoast SEO v25.6) - https:\/\/yoast.com\/wordpress\/plugins\/seo\/ -->\n<title>Finde Frieden auf Hallow: die Nummer 1 der Gebetsapps.<\/title>\n<meta name=\"description\" content=\"Hallow ist die #1 App f\u00fcr Gebet, Meditation, Musik, Audio-Bibel und Schlaf. Schlie\u00df dich Millionen von Christen auf der ganzen Welt im Gebet mit Hallow an.\" \/>\n<meta name=\"robots\" content=\"noindex, nofollow\" \/>\n<meta property=\"og:locale\" content=\"de_DE\" \/>\n<meta property=\"og:type\" content=\"article\" \/>\n<meta property=\"og:title\" content=\"Entdecke den Gottesfrieden mit Hallow - die Nummer eins unter den Gebetsapps der Welt\" \/>\n<meta property=\"og:description\" content=\"Mach mit bei der Nummer 1 App f\u00fcr Gebet, Meditation, Musik, Audio-Bibel und Ruhe. Schlie\u00df dich Millionen von Christen auf der ganzen Welt im Gebet an.\" \/>\n<meta property=\"og:url\" content=\"https:\/\/hallow.com\/de\/probiere-hallow-aus\/\" \/>\n<meta property=\"og:site_name\" content=\"Hallow\" \/>\n<meta property=\"article:publisher\" content=\"https:\/\/facebook.com\/hallowapp\" \/>\n<meta property=\"article:modified_time\" content=\"2023-12-11T12:01:34+00:00\" \/>\n<meta property=\"og:image\" content=\"https:\/\/hallow.com\/wp-content\/uploads\/2023\/11\/Placeholder.png\" \/>\n\t<meta property=\"og:image:width\" content=\"2160\" \/>\n\t<meta property=\"og:image:height\" content=\"2160\" \/>\n\t<meta property=\"og:image:type\" content=\"image\/png\" \/>\n<meta name=\"twitter:card\" content=\"summary_large_image\" \/>\n<meta name=\"twitter:title\" content=\"Probiere Hallow aus\" \/>\n<meta name=\"twitter:site\" content=\"@hallowapp\" \/>\n<script type=\"application\/ld+json\" class=\"yoast-schema-graph\">{\"@context\":\"https:\/\/schema.org\",\"@graph\":[{\"@type\":\"WebPage\",\"@id\":\"https:\/\/hallow.com\/de\/probiere-hallow-aus\/\",\"url\":\"https:\/\/hallow.com\/de\/probiere-hallow-aus\/\",\"name\":\"Finde Frieden auf Hallow: die Nummer 1 der Gebetsapps.\",\"isPartOf\":{\"@id\":\"https:\/\/hallow.com\/de\/#website\"},\"primaryImageOfPage\":{\"@id\":\"https:\/\/hallow.com\/de\/probiere-hallow-aus\/#primaryimage\"},\"image\":{\"@id\":\"https:\/\/hallow.com\/de\/probiere-hallow-aus\/#primaryimage\"},\"thumbnailUrl\":\"https:\/\/hallow.com\/wp-content\/uploads\/2023\/11\/Placeholder.png\",\"datePublished\":\"2023-11-07T20:46:10+00:00\",\"dateModified\":\"2023-12-11T12:01:34+00:00\",\"description\":\"Hallow ist die #1 App f\u00fcr Gebet, Meditation, Musik, Audio-Bibel und Schlaf. Schlie\u00df dich Millionen von Christen auf der ganzen Welt im Gebet mit Hallow an.\",\"breadcrumb\":{\"@id\":\"https:\/\/hallow.com\/de\/probiere-hallow-aus\/#breadcrumb\"},\"inLanguage\":\"de\",\"potentialAction\":[{\"@type\":\"ReadAction\",\"target\":[\"https:\/\/hallow.com\/de\/probiere-hallow-aus\/\"]}]},{\"@type\":\"ImageObject\",\"inLanguage\":\"de\",\"@id\":\"https:\/\/hallow.com\/de\/probiere-hallow-aus\/#primaryimage\",\"url\":\"https:\/\/hallow.com\/wp-content\/uploads\/2023\/11\/Placeholder.png\",\"contentUrl\":\"https:\/\/hallow.com\/wp-content\/uploads\/2023\/11\/Placeholder.png\",\"width\":2160,\"height\":2160},{\"@type\":\"BreadcrumbList\",\"@id\":\"https:\/\/hallow.com\/de\/probiere-hallow-aus\/#breadcrumb\",\"itemListElement\":[{\"@type\":\"ListItem\",\"position\":1,\"name\":\"Home\",\"item\":\"https:\/\/hallow.com\/de\/\"},{\"@type\":\"ListItem\",\"position\":2,\"name\":\"Probiere Hallow aus\"}]},{\"@type\":\"WebSite\",\"@id\":\"https:\/\/hallow.com\/de\/#website\",\"url\":\"https:\/\/hallow.com\/de\/\",\"name\":\"Hallow\",\"description\":\"Catholic Prayer and Meditation App\",\"publisher\":{\"@id\":\"https:\/\/hallow.com\/de\/#organization\"},\"potentialAction\":[{\"@type\":\"SearchAction\",\"target\":{\"@type\":\"EntryPoint\",\"urlTemplate\":\"https:\/\/hallow.com\/de\/?s={search_term_string}\"},\"query-input\":{\"@type\":\"PropertyValueSpecification\",\"valueRequired\":true,\"valueName\":\"search_term_string\"}}],\"inLanguage\":\"de\"},{\"@type\":\"Organization\",\"@id\":\"https:\/\/hallow.com\/de\/#organization\",\"name\":\"Hallow\",\"url\":\"https:\/\/hallow.com\/de\/\",\"logo\":{\"@type\":\"ImageObject\",\"inLanguage\":\"de\",\"@id\":\"https:\/\/hallow.com\/de\/#\/schema\/logo\/image\/\",\"url\":\"https:\/\/hallow.com\/wp-content\/uploads\/2019\/04\/Purple-Logo.png\",\"contentUrl\":\"https:\/\/hallow.com\/wp-content\/uploads\/2019\/04\/Purple-Logo.png\",\"width\":1470,\"height\":292,\"caption\":\"Hallow\"},\"image\":{\"@id\":\"https:\/\/hallow.com\/de\/#\/schema\/logo\/image\/\"},\"sameAs\":[\"https:\/\/facebook.com\/hallowapp\",\"https:\/\/x.com\/hallowapp\",\"https:\/\/instagram.com\/hallowapp\"]}]}<\/script>\n<!-- \/ Yoast SEO Premium plugin. -->","yoast_head_json":{"title":"Finde Frieden auf Hallow: die Nummer 1 der Gebetsapps.","description":"Hallow ist die #1 App f\u00fcr Gebet, Meditation, Musik, Audio-Bibel und Schlaf. Schlie\u00df dich Millionen von Christen auf der ganzen Welt im Gebet mit Hallow an.","robots":{"index":"noindex","follow":"nofollow"},"og_locale":"de_DE","og_type":"article","og_title":"Entdecke den Gottesfrieden mit Hallow - die Nummer eins unter den Gebetsapps der Welt","og_description":"Mach mit bei der Nummer 1 App f\u00fcr Gebet, Meditation, Musik, Audio-Bibel und Ruhe. Schlie\u00df dich Millionen von Christen auf der ganzen Welt im Gebet an.","og_url":"https:\/\/hallow.com\/de\/probiere-hallow-aus\/","og_site_name":"Hallow","article_publisher":"https:\/\/facebook.com\/hallowapp","article_modified_time":"2023-12-11T12:01:34+00:00","og_image":[{"width":2160,"height":2160,"url":"https:\/\/hallow.com\/wp-content\/uploads\/2023\/11\/Placeholder.png","type":"image\/png"}],"twitter_card":"summary_large_image","twitter_title":"Probiere Hallow aus","twitter_site":"@hallowapp","schema":{"@context":"https:\/\/schema.org","@graph":[{"@type":"WebPage","@id":"https:\/\/hallow.com\/de\/probiere-hallow-aus\/","url":"https:\/\/hallow.com\/de\/probiere-hallow-aus\/","name":"Finde Frieden auf Hallow: die Nummer 1 der Gebetsapps.","isPartOf":{"@id":"https:\/\/hallow.com\/de\/#website"},"primaryImageOfPage":{"@id":"https:\/\/hallow.com\/de\/probiere-hallow-aus\/#primaryimage"},"image":{"@id":"https:\/\/hallow.com\/de\/probiere-hallow-aus\/#primaryimage"},"thumbnailUrl":"https:\/\/hallow.com\/wp-content\/uploads\/2023\/11\/Placeholder.png","datePublished":"2023-11-07T20:46:10+00:00","dateModified":"2023-12-11T12:01:34+00:00","description":"Hallow ist die #1 App f\u00fcr Gebet, Meditation, Musik, Audio-Bibel und Schlaf. Schlie\u00df dich Millionen von Christen auf der ganzen Welt im Gebet mit Hallow an.","breadcrumb":{"@id":"https:\/\/hallow.com\/de\/probiere-hallow-aus\/#breadcrumb"},"inLanguage":"de","potentialAction":[{"@type":"ReadAction","target":["https:\/\/hallow.com\/de\/probiere-hallow-aus\/"]}]},{"@type":"ImageObject","inLanguage":"de","@id":"https:\/\/hallow.com\/de\/probiere-hallow-aus\/#primaryimage","url":"https:\/\/hallow.com\/wp-content\/uploads\/2023\/11\/Placeholder.png","contentUrl":"https:\/\/hallow.com\/wp-content\/uploads\/2023\/11\/Placeholder.png","width":2160,"height":2160},{"@type":"BreadcrumbList","@id":"https:\/\/hallow.com\/de\/probiere-hallow-aus\/#breadcrumb","itemListElement":[{"@type":"ListItem","position":1,"name":"Home","item":"https:\/\/hallow.com\/de\/"},{"@type":"ListItem","position":2,"name":"Probiere Hallow aus"}]},{"@type":"WebSite","@id":"https:\/\/hallow.com\/de\/#website","url":"https:\/\/hallow.com\/de\/","name":"Hallow","description":"Catholic Prayer and Meditation App","publisher":{"@id":"https:\/\/hallow.com\/de\/#organization"},"potentialAction":[{"@type":"SearchAction","target":{"@type":"EntryPoint","urlTemplate":"https:\/\/hallow.com\/de\/?s={search_term_string}"},"query-input":{"@type":"PropertyValueSpecification","valueRequired":true,"valueName":"search_term_string"}}],"inLanguage":"de"},{"@type":"Organization","@id":"https:\/\/hallow.com\/de\/#organization","name":"Hallow","url":"https:\/\/hallow.com\/de\/","logo":{"@type":"ImageObject","inLanguage":"de","@id":"https:\/\/hallow.com\/de\/#\/schema\/logo\/image\/","url":"https:\/\/hallow.com\/wp-content\/uploads\/2019\/04\/Purple-Logo.png","contentUrl":"https:\/\/hallow.com\/wp-content\/uploads\/2019\/04\/Purple-Logo.png","width":1470,"height":292,"caption":"Hallow"},"image":{"@id":"https:\/\/hallow.com\/de\/#\/schema\/logo\/image\/"},"sameAs":["https:\/\/facebook.com\/hallowapp","https:\/\/x.com\/hallowapp","https:\/\/instagram.com\/hallowapp"]}]}},"_links":{"self":[{"href":"https:\/\/hallow.com\/de\/wp-json\/wp\/v2\/pages\/44282"}],"collection":[{"href":"https:\/\/hallow.com\/de\/wp-json\/wp\/v2\/pages"}],"about":[{"href":"https:\/\/hallow.com\/de\/wp-json\/wp\/v2\/types\/page"}],"author":[{"embeddable":true,"href":"https:\/\/hallow.com\/de\/wp-json\/wp\/v2\/users\/56"}],"replies":[{"embeddable":true,"href":"https:\/\/hallow.com\/de\/wp-json\/wp\/v2\/comments?post=44282"}],"version-history":[{"count":12,"href":"https:\/\/hallow.com\/de\/wp-json\/wp\/v2\/pages\/44282\/revisions"}],"predecessor-version":[{"id":48090,"href":"https:\/\/hallow.com\/de\/wp-json\/wp\/v2\/pages\/44282\/revisions\/48090"}],"wp:featuredmedia":[{"embeddable":true,"href":"https:\/\/hallow.com\/de\/wp-json\/wp\/v2\/media\/44336"}],"wp:attachment":[{"href":"https:\/\/hallow.com\/de\/wp-json\/wp\/v2\/media?parent=44282"}],"curies":[{"name":"wp","href":"https:\/\/api.w.org\/{rel}","templated":true}]}}