{"id":44286,"date":"2023-11-07T16:26:32","date_gmt":"2023-11-07T16:26:32","guid":{"rendered":"https:\/\/hallow.com\/?page_id=44286"},"modified":"2023-11-13T00:16:11","modified_gmt":"2023-11-13T00:16:11","slug":"finde-den-gottesfrieden-in-deinem-gebet","status":"publish","type":"page","link":"https:\/\/hallow.com\/de\/finde-den-gottesfrieden-in-deinem-gebet\/","title":{"rendered":"Finde den Gottesfrieden in deinem Gebet"},"content":{"rendered":"\n<h3 class=\"mt-8 wp-block-heading has-text-align-center\" id=\"h-finde-frieden-finde-gott\">Finde Frieden. Finde Gott<\/h3>\n\n\n\n<div class=\"wp-block-cover is-light landing-features-illustration\"><span aria-hidden=\"true\" class=\"wp-block-cover__background has-background-dim-0 has-background-dim\"><\/span><img decoding=\"async\" width=\"2204\" height=\"570\" class=\"wp-block-cover__image-background wp-image-3920 lazyload\" alt=\"\" data-src=\"https:\/\/hallow.com\/wp-content\/uploads\/2020\/09\/features_covers-1.svg\" data-object-fit=\"cover\" src=\"data:image\/svg+xml;base64,PHN2ZyB3aWR0aD0iMSIgaGVpZ2h0PSIxIiB4bWxucz0iaHR0cDovL3d3dy53My5vcmcvMjAwMC9zdmciPjwvc3ZnPg==\" style=\"--smush-placeholder-width: 2204px; --smush-placeholder-aspect-ratio: 2204\/570;\" \/><div class=\"wp-block-cover__inner-container is-layout-flow wp-block-cover-is-layout-flow\">\n<p class=\"has-text-align-center has-large-font-size\"><\/p>\n<\/div><\/div>\n\n\n\n<div class=\"wp-block-columns is-layout-flex wp-container-core-columns-is-layout-1 wp-block-columns-is-layout-flex\">\n<div class=\"wp-block-column is-layout-flow wp-block-column-is-layout-flow\">\n<h3 class=\"wp-block-heading\" id=\"h-rosenkranz-und-tagesevangelium\">Rosenkranz und Tagesevangelium<\/h3>\n\n\n\n<p class=\"\">Hier kannst du aus \u00fcber 10.000 t\u00e4glich aktualisierten Meditationen w\u00e4hlen, die von einmin\u00fctigen Meditationen bis zu heiligen Stunden reichen.<\/p>\n<\/div>\n\n\n\n<div class=\"wp-block-column is-layout-flow wp-block-column-is-layout-flow\">\n<h3 class=\"wp-block-heading\" id=\"h-novenen-und-litaneien\">Novenen und Litaneien<\/h3>\n\n\n\n<p class=\"\">Entdecke deinen Glauben neu mit Gebetslisten und Herausforderungen zu Demut und Ruhe, Gebeten von Heiligen, Predigten und mehr!<\/p>\n<\/div>\n\n\n\n<div class=\"wp-block-column is-layout-flow wp-block-column-is-layout-flow\">\n<h3 class=\"wp-block-heading\" id=\"h-schlafen-und-biblische-geschichten\">Schlafen und biblische Geschichten<\/h3>\n\n\n\n<p class=\"\">Beende deinen Tag mit Jesus, mach eine Tagesreflexion oder h\u00f6r eine biblische Geschichte.<\/p>\n<\/div>\n<\/div>\n\n\n\n<div class=\"wp-block-buttons is-horizontal is-content-justification-center is-layout-flex wp-container-core-buttons-is-layout-1 wp-block-buttons-is-layout-flex\">\n<div class=\"wp-block-button onelink\"><a class=\"wp-block-button__link has-white-color has-black-background-color has-text-color has-background wp-element-button\" href=\"https:\/\/hallow.com\/portal\/#\/onboarding\/create-account\">Kostenlos Hallow ausprobieren<\/a><\/div>\n<\/div>\n\n\n\n<div style=\"height:100px\" aria-hidden=\"true\" class=\"wp-block-spacer\"><\/div>\n\n\n<div class=\"testimonial testimonial-large\" data-block_2ae024d2af3f6e38fe5f3086f83e07b9>\r\n    <div class=\"testimonial-image\">\r\n        <img decoding=\"async\" data-src=\"https:\/\/hallow.com\/wp-content\/uploads\/2023\/10\/jonathan_roumie-731x1024.png\" alt=\"\" src=\"data:image\/svg+xml;base64,PHN2ZyB3aWR0aD0iMSIgaGVpZ2h0PSIxIiB4bWxucz0iaHR0cDovL3d3dy53My5vcmcvMjAwMC9zdmciPjwvc3ZnPg==\" class=\"lazyload\" style=\"--smush-placeholder-width: 731px; --smush-placeholder-aspect-ratio: 731\/1024;\" \/>\r\n    <\/div>\r\n    <blockquote class=\"testimonial-content\">\r\n        <p>&quot;Hallow hat nicht nur f\u00fcr mich, sondern auch f\u00fcr viele andere eine Ver\u00e4nderung bewirkt. Es ist f\u00fcr JEDEN etwas dabei &#8211; Meditationen. Gebete, Musik, die Heiligen &#8211; was es unheimlich einfach macht, mehr zu beten!&quot;<\/p>\r\n        <cite>\r\n            <div class=\"attribution\">\r\n                <span class=\"testimonial-name\">Jonathan Roumie<\/span>\r\n                <span class=\"testimonial-title\">(Jesus aus The Choses)<\/span>\r\n            <\/div>\r\n        <\/cite>\r\n    <\/blockquote>\r\n<\/div>\r\n\r\n<style type=\"text\/css\">\r\n    \/*#region large*\/\r\n    [data-block_2ae024d2af3f6e38fe5f3086f83e07b9].testimonial {\r\n        font-family: 'Radial', sans-serif;\r\n        font-weight: 200;\r\n        font-size: 24px;\r\n        line-height: 30px;\r\n        display: grid;\r\n        grid-template-columns: 50% 50%;\r\n    }\r\n\r\n    [data-block_2ae024d2af3f6e38fe5f3086f83e07b9] .testimonial-image {\r\n        background: #C49EE7;\r\n        display: flex;\r\n        justify-content: center;\r\n        align-items: center;\r\n    }\r\n\r\n    [data-block_2ae024d2af3f6e38fe5f3086f83e07b9] .testimonial-image img {\r\n        width: 360px;\r\n        height: 500px;\r\n        object-fit: cover;\r\n    }\r\n\r\n    [data-block_2ae024d2af3f6e38fe5f3086f83e07b9] .testimonial-content {\r\n        background: #0A0450;\r\n        color: #FFF;\r\n        display: flex;\r\n        flex-direction: column;\r\n        justify-content: center;\r\n        align-items: center;\r\n        text-align: left;\r\n        margin: 0;\r\n        font-weight: bold;\r\n    }\r\n\r\n    [data-block_2ae024d2af3f6e38fe5f3086f83e07b9] .testimonial-content cite {\r\n        font-size: 18px;\r\n        font-style: normal;\r\n        font-weight: 400;\r\n    }\r\n\r\n    .block-editor [data-block_2ae024d2af3f6e38fe5f3086f83e07b9] .testimonial-content {\r\n        padding: 20px;\r\n    }\r\n    \/*#endregion*\/\r\n    \/*#region small*\/\r\n    [data-block_2ae024d2af3f6e38fe5f3086f83e07b9].testimonial.testimonial-small {\r\n        grid-template-columns: 20% 80%;\r\n        padding: 40px;\r\n        max-width: 700px;\r\n        width: calc(100% - 40px);\r\n        margin: 10px auto;\r\n        background-color: #F6F5F8;\r\n        min-height: unset;\r\n    }\r\n    @media  only screen and (max-width: 700px) {\r\n        [data-block_2ae024d2af3f6e38fe5f3086f83e07b9].testimonial-small {\r\n            display: flex;\r\n            flex-direction: column;\r\n            padding: 20px;\r\n        }\r\n    }\r\n\r\n    [data-block_2ae024d2af3f6e38fe5f3086f83e07b9].testimonial-small .testimonial-image {\r\n        width: 100px;\r\n        height: 100px;\r\n        border-radius: 50px;\r\n        overflow: hidden;\r\n        margin: auto 0;\r\n        background-color: transparent;\r\n        display: block;\r\n    }\r\n    @media  only screen and (max-width: 700px) {\r\n        [data-block_2ae024d2af3f6e38fe5f3086f83e07b9].testimonial-small .testimonial-image {\r\n            margin: auto 0 20px;\r\n            padding: 0;\r\n        }\r\n    }\r\n\r\n    [data-block_2ae024d2af3f6e38fe5f3086f83e07b9].testimonial-small .testimonial-image img {\r\n        width: 100% !important;\r\n        height: 100% !important;\r\n        object-position: center;\r\n        filter: grayscale(100%);\r\n        -webkit-mask-image: none;\r\n        mask-image: none;\r\n    }\r\n\r\n    [data-block_2ae024d2af3f6e38fe5f3086f83e07b9].testimonial-small .testimonial-content {\r\n        background-color: transparent;\r\n        color: black;\r\n        flex-direction: column-reverse;\r\n        font-weight: 400;\r\n        font-family: \"Neue Montreal\", sans-serif;\r\n        font-size: 18px;\r\n        line-height: 21.6px;\r\n        padding: 0;\r\n     }\r\n\r\n    [data-block_2ae024d2af3f6e38fe5f3086f83e07b9].testimonial-small .testimonial-content cite {\r\n        font-style: normal;\r\n        font-size: inherit;\r\n        font-weight: inherit;\r\n        margin-top: unset;\r\n        width: 100%;\r\n    }\r\n\r\n    [data-block_2ae024d2af3f6e38fe5f3086f83e07b9].testimonial-small .testimonial-content cite span {\r\n        display: block;\r\n    }\r\n\r\n    [data-block_2ae024d2af3f6e38fe5f3086f83e07b9].testimonial-small .testimonial-content p {\r\n        margin-bottom: 0;\r\n    }\r\n    @media  only screen and (max-width: 700px) {\r\n        [data-block_2ae024d2af3f6e38fe5f3086f83e07b9].testimonial-small .testimonial-content p {\r\n            font-size: 16px;\r\n            line-height: 19.2px;\r\n        }\r\n    }\r\n\r\n    [data-block_2ae024d2af3f6e38fe5f3086f83e07b9].testimonial-small .testimonial-name {\r\n        font-size: 24px;\r\n        font-weight: 700;\r\n        line-height: 28.8px;\r\n    }\r\n    @media  only screen and (max-width: 700px) {\r\n        [data-block_2ae024d2af3f6e38fe5f3086f83e07b9].testimonial-small .testimonial-name {\r\n            font-size: 18px;\r\n            line-height: 21.6px;\r\n        }\r\n    }\r\n\r\n    [data-block_2ae024d2af3f6e38fe5f3086f83e07b9].testimonial-small .testimonial-title {\r\n        text-transform: uppercase;\r\n        font-family: \"Neue Montreal\", sans-serif;\r\n        font-size: 14px;\r\n        line-height: 16.8px;\r\n        color: #7a757e;\r\n    }\r\n    @media  only screen and (max-width: 700px) {\r\n        [data-block_2ae024d2af3f6e38fe5f3086f83e07b9].testimonial-small .testimonial-title {\r\n            font-size: 13px;\r\n            line-height: 15.6px;\r\n        }\r\n    }\r\n    \/*#endregion*\/\r\n<\/style>\r\n\n\n\n\n\n<div class=\"wp-block-buttons is-horizontal is-content-justification-center is-layout-flex wp-container-core-buttons-is-layout-2 wp-block-buttons-is-layout-flex\">\n<div class=\"wp-block-button onelink\"><a class=\"wp-block-button__link has-white-color has-black-background-color has-text-color has-background wp-element-button\" href=\"https:\/\/hallow.com\/portal\/#\/onboarding\/create-account\">Kostenlos Hallow ausprobieren<\/a><\/div>\n<\/div>\n\n\n\n<div class=\"wp-block-media-text alignwide is-stacked-on-mobile is-image-fill\"><figure class=\"wp-block-media-text__media lazyload\" style=\"background-image:inherit;background-position:50% 50%\" data-bg-image=\"url(https:\/\/hallow.com\/wp-content\/uploads\/2020\/09\/share_herald.svg)\"><img decoding=\"async\" width=\"660\" height=\"461\" data-src=\"https:\/\/hallow.com\/wp-content\/uploads\/2020\/09\/share_herald.svg\" alt=\"Share Herald Illustration\" class=\"wp-image-3745 size-full lazyload\" src=\"data:image\/svg+xml;base64,PHN2ZyB3aWR0aD0iMSIgaGVpZ2h0PSIxIiB4bWxucz0iaHR0cDovL3d3dy53My5vcmcvMjAwMC9zdmciPjwvc3ZnPg==\" style=\"--smush-placeholder-width: 660px; --smush-placeholder-aspect-ratio: 660\/461;\" \/><\/figure><div class=\"wp-block-media-text__content\">\n<h3 class=\"wp-block-heading\" id=\"h-unsere-nutzer-sagen\">Unsere Nutzer sagen:<\/h3>\n\n\n\n<p class=\"\">&#8222;Diese App l\u00e4sst mich jeden Tag beten, wenn sonst nichts mehr geht. Sie ist jeden investierten Cent wert. Schlie\u00dflich wird sie st\u00e4ndig mit neuen t\u00e4glichen Gebeten und Lesungen aus dem Evangelium aktualisiert. Wenn du Zweifel hast, probiere es aus und finde es selbst heraus. Ich glaube nicht, dass du entt\u00e4uscht sein wirst!&#8220;<\/p>\n<\/div><\/div>\n\n\n\n<div class=\"wp-block-media-text alignwide has-media-on-the-right is-stacked-on-mobile is-image-fill\"><div class=\"wp-block-media-text__content\">\n<h3 class=\"wp-block-heading\" id=\"h-mach-eine-pause-sprich-mit-gott\">Mach eine Pause. Sprich mit Gott.<\/h3>\n\n\n\n<p class=\"\">Mach das Gebet zu deiner Priorit\u00e4t. Unser Ziel bei Hallow ist es, dir zu helfen, mehr zu beten und Gott zu erlauben, dir seinen Frieden zu bringen. Laden Sie einfach die App herunter, w\u00e4hl eine der Sessions, dr\u00fcck auf Abspielen, schlie\u00df deine Augen und lass Gott den Rest machen.<\/p>\n<\/div><figure class=\"wp-block-media-text__media lazyload\" style=\"background-image:inherit;background-position:50% 50%\" data-bg-image=\"url(https:\/\/hallow.com\/wp-content\/uploads\/2020\/09\/share_family.svg)\"><img decoding=\"async\" width=\"660\" height=\"461\" data-src=\"https:\/\/hallow.com\/wp-content\/uploads\/2020\/09\/share_family.svg\" alt=\"Share Family Illustration\" class=\"wp-image-3746 size-full lazyload\" src=\"data:image\/svg+xml;base64,PHN2ZyB3aWR0aD0iMSIgaGVpZ2h0PSIxIiB4bWxucz0iaHR0cDovL3d3dy53My5vcmcvMjAwMC9zdmciPjwvc3ZnPg==\" style=\"--smush-placeholder-width: 660px; --smush-placeholder-aspect-ratio: 660\/461;\" \/><\/figure><\/div>\n\n\n\n<div class=\"wp-block-group\"><div class=\"wp-block-group__inner-container is-layout-flow wp-block-group-is-layout-flow\"><\/div><\/div>\n","protected":false},"excerpt":{"rendered":"<p>Finde Frieden. Finde Gott Rosenkranz und Tagesevangelium Hier kannst du aus \u00fcber 10.000 t\u00e4glich aktualisierten Meditationen w\u00e4hlen, die von einmin\u00fctigen Meditationen bis zu heiligen Stunden reichen. Novenen und Litaneien Entdecke deinen Glauben neu mit Gebetslisten und Herausforderungen zu Demut und Ruhe, Gebeten von Heiligen, Predigten und mehr! Schlafen und biblische Geschichten Beende deinen Tag mit &hellip; <a href=\"https:\/\/hallow.com\/de\/finde-den-gottesfrieden-in-deinem-gebet\/\">Continued<\/a><\/p>\n","protected":false},"author":56,"featured_media":44336,"parent":0,"menu_order":0,"comment_status":"closed","ping_status":"closed","template":"views\/landing.blade.php","meta":{"_acf_changed":false,"_et_pb_use_builder":"","_et_pb_old_content":"","_et_gb_content_width":"","inline_featured_image":false,"footnotes":""},"class_list":["post-44286","page","type-page","status-publish","has-post-thumbnail","hentry"],"acf":[],"yoast_head":"<!-- This site is optimized with the Yoast SEO Premium plugin v24.3 (Yoast SEO v25.6) - https:\/\/yoast.com\/wordpress\/plugins\/seo\/ -->\n<title>Finde den Gottesfrieden in deinem Gebet &#8211; Hallow<\/title>\n<meta name=\"description\" content=\"Finde Gottesfrieden mit Hallow, der katholischen App Nr. 1 f\u00fcr Gebet, Meditation, Musik, Schlaf und Audio-Bibel. Lade sie kostenlos herunter.\" \/>\n<meta name=\"robots\" content=\"index, follow, max-snippet:-1, max-image-preview:large, max-video-preview:-1\" \/>\n<link rel=\"canonical\" href=\"https:\/\/hallow.com\/de\/finde-den-gottesfrieden-in-deinem-gebet\/\" \/>\n<meta property=\"og:locale\" content=\"de_DE\" \/>\n<meta property=\"og:type\" content=\"article\" \/>\n<meta property=\"og:title\" content=\"Finde den Gottesfrieden in deinem Gebet\" \/>\n<meta property=\"og:description\" content=\"Finde Gottesfrieden mit Hallow, der Nr. 1 unter den katholischen Apps zum Beten, Meditieren, Musikh\u00f6ren, Ausruhen und H\u00f6ren der Bibel als Audio. Probiere sie kostenlos aus!\" \/>\n<meta property=\"og:url\" content=\"https:\/\/hallow.com\/de\/finde-den-gottesfrieden-in-deinem-gebet\/\" \/>\n<meta property=\"og:site_name\" content=\"Hallow\" \/>\n<meta property=\"article:publisher\" content=\"https:\/\/facebook.com\/hallowapp\" \/>\n<meta property=\"article:modified_time\" content=\"2023-11-13T00:16:11+00:00\" \/>\n<meta property=\"og:image\" content=\"https:\/\/hallow.com\/wp-content\/uploads\/2023\/11\/Placeholder.png\" \/>\n\t<meta property=\"og:image:width\" content=\"2160\" \/>\n\t<meta property=\"og:image:height\" content=\"2160\" \/>\n\t<meta property=\"og:image:type\" content=\"image\/png\" \/>\n<meta name=\"twitter:card\" content=\"summary_large_image\" \/>\n<meta name=\"twitter:image\" content=\"https:\/\/hallow.com\/wp-content\/uploads\/2023\/11\/Placeholder.png\" \/>\n<meta name=\"twitter:site\" content=\"@hallowapp\" \/>\n<script type=\"application\/ld+json\" class=\"yoast-schema-graph\">{\"@context\":\"https:\/\/schema.org\",\"@graph\":[{\"@type\":\"WebPage\",\"@id\":\"https:\/\/hallow.com\/de\/finde-den-gottesfrieden-in-deinem-gebet\/\",\"url\":\"https:\/\/hallow.com\/de\/finde-den-gottesfrieden-in-deinem-gebet\/\",\"name\":\"Finde den Gottesfrieden in deinem Gebet &#8211; Hallow\",\"isPartOf\":{\"@id\":\"https:\/\/hallow.com\/de\/#website\"},\"primaryImageOfPage\":{\"@id\":\"https:\/\/hallow.com\/de\/finde-den-gottesfrieden-in-deinem-gebet\/#primaryimage\"},\"image\":{\"@id\":\"https:\/\/hallow.com\/de\/finde-den-gottesfrieden-in-deinem-gebet\/#primaryimage\"},\"thumbnailUrl\":\"https:\/\/hallow.com\/wp-content\/uploads\/2023\/11\/Placeholder.png\",\"datePublished\":\"2023-11-07T16:26:32+00:00\",\"dateModified\":\"2023-11-13T00:16:11+00:00\",\"description\":\"Finde Gottesfrieden mit Hallow, der katholischen App Nr. 1 f\u00fcr Gebet, Meditation, Musik, Schlaf und Audio-Bibel. Lade sie kostenlos herunter.\",\"breadcrumb\":{\"@id\":\"https:\/\/hallow.com\/de\/finde-den-gottesfrieden-in-deinem-gebet\/#breadcrumb\"},\"inLanguage\":\"de\",\"potentialAction\":[{\"@type\":\"ReadAction\",\"target\":[\"https:\/\/hallow.com\/de\/finde-den-gottesfrieden-in-deinem-gebet\/\"]}]},{\"@type\":\"ImageObject\",\"inLanguage\":\"de\",\"@id\":\"https:\/\/hallow.com\/de\/finde-den-gottesfrieden-in-deinem-gebet\/#primaryimage\",\"url\":\"https:\/\/hallow.com\/wp-content\/uploads\/2023\/11\/Placeholder.png\",\"contentUrl\":\"https:\/\/hallow.com\/wp-content\/uploads\/2023\/11\/Placeholder.png\",\"width\":2160,\"height\":2160},{\"@type\":\"BreadcrumbList\",\"@id\":\"https:\/\/hallow.com\/de\/finde-den-gottesfrieden-in-deinem-gebet\/#breadcrumb\",\"itemListElement\":[{\"@type\":\"ListItem\",\"position\":1,\"name\":\"Home\",\"item\":\"https:\/\/hallow.com\/de\/\"},{\"@type\":\"ListItem\",\"position\":2,\"name\":\"Finde den Gottesfrieden in deinem Gebet\"}]},{\"@type\":\"WebSite\",\"@id\":\"https:\/\/hallow.com\/de\/#website\",\"url\":\"https:\/\/hallow.com\/de\/\",\"name\":\"Hallow\",\"description\":\"Catholic Prayer and Meditation App\",\"publisher\":{\"@id\":\"https:\/\/hallow.com\/de\/#organization\"},\"potentialAction\":[{\"@type\":\"SearchAction\",\"target\":{\"@type\":\"EntryPoint\",\"urlTemplate\":\"https:\/\/hallow.com\/de\/?s={search_term_string}\"},\"query-input\":{\"@type\":\"PropertyValueSpecification\",\"valueRequired\":true,\"valueName\":\"search_term_string\"}}],\"inLanguage\":\"de\"},{\"@type\":\"Organization\",\"@id\":\"https:\/\/hallow.com\/de\/#organization\",\"name\":\"Hallow\",\"url\":\"https:\/\/hallow.com\/de\/\",\"logo\":{\"@type\":\"ImageObject\",\"inLanguage\":\"de\",\"@id\":\"https:\/\/hallow.com\/de\/#\/schema\/logo\/image\/\",\"url\":\"https:\/\/hallow.com\/wp-content\/uploads\/2019\/04\/Purple-Logo.png\",\"contentUrl\":\"https:\/\/hallow.com\/wp-content\/uploads\/2019\/04\/Purple-Logo.png\",\"width\":1470,\"height\":292,\"caption\":\"Hallow\"},\"image\":{\"@id\":\"https:\/\/hallow.com\/de\/#\/schema\/logo\/image\/\"},\"sameAs\":[\"https:\/\/facebook.com\/hallowapp\",\"https:\/\/x.com\/hallowapp\",\"https:\/\/instagram.com\/hallowapp\"]}]}<\/script>\n<!-- \/ Yoast SEO Premium plugin. -->","yoast_head_json":{"title":"Finde den Gottesfrieden in deinem Gebet &#8211; Hallow","description":"Finde Gottesfrieden mit Hallow, der katholischen App Nr. 1 f\u00fcr Gebet, Meditation, Musik, Schlaf und Audio-Bibel. Lade sie kostenlos herunter.","robots":{"index":"index","follow":"follow","max-snippet":"max-snippet:-1","max-image-preview":"max-image-preview:large","max-video-preview":"max-video-preview:-1"},"canonical":"https:\/\/hallow.com\/de\/finde-den-gottesfrieden-in-deinem-gebet\/","og_locale":"de_DE","og_type":"article","og_title":"Finde den Gottesfrieden in deinem Gebet","og_description":"Finde Gottesfrieden mit Hallow, der Nr. 1 unter den katholischen Apps zum Beten, Meditieren, Musikh\u00f6ren, Ausruhen und H\u00f6ren der Bibel als Audio. Probiere sie kostenlos aus!","og_url":"https:\/\/hallow.com\/de\/finde-den-gottesfrieden-in-deinem-gebet\/","og_site_name":"Hallow","article_publisher":"https:\/\/facebook.com\/hallowapp","article_modified_time":"2023-11-13T00:16:11+00:00","og_image":[{"width":2160,"height":2160,"url":"https:\/\/hallow.com\/wp-content\/uploads\/2023\/11\/Placeholder.png","type":"image\/png"}],"twitter_card":"summary_large_image","twitter_image":"https:\/\/hallow.com\/wp-content\/uploads\/2023\/11\/Placeholder.png","twitter_site":"@hallowapp","schema":{"@context":"https:\/\/schema.org","@graph":[{"@type":"WebPage","@id":"https:\/\/hallow.com\/de\/finde-den-gottesfrieden-in-deinem-gebet\/","url":"https:\/\/hallow.com\/de\/finde-den-gottesfrieden-in-deinem-gebet\/","name":"Finde den Gottesfrieden in deinem Gebet &#8211; Hallow","isPartOf":{"@id":"https:\/\/hallow.com\/de\/#website"},"primaryImageOfPage":{"@id":"https:\/\/hallow.com\/de\/finde-den-gottesfrieden-in-deinem-gebet\/#primaryimage"},"image":{"@id":"https:\/\/hallow.com\/de\/finde-den-gottesfrieden-in-deinem-gebet\/#primaryimage"},"thumbnailUrl":"https:\/\/hallow.com\/wp-content\/uploads\/2023\/11\/Placeholder.png","datePublished":"2023-11-07T16:26:32+00:00","dateModified":"2023-11-13T00:16:11+00:00","description":"Finde Gottesfrieden mit Hallow, der katholischen App Nr. 1 f\u00fcr Gebet, Meditation, Musik, Schlaf und Audio-Bibel. Lade sie kostenlos herunter.","breadcrumb":{"@id":"https:\/\/hallow.com\/de\/finde-den-gottesfrieden-in-deinem-gebet\/#breadcrumb"},"inLanguage":"de","potentialAction":[{"@type":"ReadAction","target":["https:\/\/hallow.com\/de\/finde-den-gottesfrieden-in-deinem-gebet\/"]}]},{"@type":"ImageObject","inLanguage":"de","@id":"https:\/\/hallow.com\/de\/finde-den-gottesfrieden-in-deinem-gebet\/#primaryimage","url":"https:\/\/hallow.com\/wp-content\/uploads\/2023\/11\/Placeholder.png","contentUrl":"https:\/\/hallow.com\/wp-content\/uploads\/2023\/11\/Placeholder.png","width":2160,"height":2160},{"@type":"BreadcrumbList","@id":"https:\/\/hallow.com\/de\/finde-den-gottesfrieden-in-deinem-gebet\/#breadcrumb","itemListElement":[{"@type":"ListItem","position":1,"name":"Home","item":"https:\/\/hallow.com\/de\/"},{"@type":"ListItem","position":2,"name":"Finde den Gottesfrieden in deinem Gebet"}]},{"@type":"WebSite","@id":"https:\/\/hallow.com\/de\/#website","url":"https:\/\/hallow.com\/de\/","name":"Hallow","description":"Catholic Prayer and Meditation App","publisher":{"@id":"https:\/\/hallow.com\/de\/#organization"},"potentialAction":[{"@type":"SearchAction","target":{"@type":"EntryPoint","urlTemplate":"https:\/\/hallow.com\/de\/?s={search_term_string}"},"query-input":{"@type":"PropertyValueSpecification","valueRequired":true,"valueName":"search_term_string"}}],"inLanguage":"de"},{"@type":"Organization","@id":"https:\/\/hallow.com\/de\/#organization","name":"Hallow","url":"https:\/\/hallow.com\/de\/","logo":{"@type":"ImageObject","inLanguage":"de","@id":"https:\/\/hallow.com\/de\/#\/schema\/logo\/image\/","url":"https:\/\/hallow.com\/wp-content\/uploads\/2019\/04\/Purple-Logo.png","contentUrl":"https:\/\/hallow.com\/wp-content\/uploads\/2019\/04\/Purple-Logo.png","width":1470,"height":292,"caption":"Hallow"},"image":{"@id":"https:\/\/hallow.com\/de\/#\/schema\/logo\/image\/"},"sameAs":["https:\/\/facebook.com\/hallowapp","https:\/\/x.com\/hallowapp","https:\/\/instagram.com\/hallowapp"]}]}},"_links":{"self":[{"href":"https:\/\/hallow.com\/de\/wp-json\/wp\/v2\/pages\/44286"}],"collection":[{"href":"https:\/\/hallow.com\/de\/wp-json\/wp\/v2\/pages"}],"about":[{"href":"https:\/\/hallow.com\/de\/wp-json\/wp\/v2\/types\/page"}],"author":[{"embeddable":true,"href":"https:\/\/hallow.com\/de\/wp-json\/wp\/v2\/users\/56"}],"replies":[{"embeddable":true,"href":"https:\/\/hallow.com\/de\/wp-json\/wp\/v2\/comments?post=44286"}],"version-history":[{"count":16,"href":"https:\/\/hallow.com\/de\/wp-json\/wp\/v2\/pages\/44286\/revisions"}],"predecessor-version":[{"id":45130,"href":"https:\/\/hallow.com\/de\/wp-json\/wp\/v2\/pages\/44286\/revisions\/45130"}],"wp:featuredmedia":[{"embeddable":true,"href":"https:\/\/hallow.com\/de\/wp-json\/wp\/v2\/media\/44336"}],"wp:attachment":[{"href":"https:\/\/hallow.com\/de\/wp-json\/wp\/v2\/media?parent=44286"}],"curies":[{"name":"wp","href":"https:\/\/api.w.org\/{rel}","templated":true}]}}