{"id":52008,"date":"2021-11-22T14:30:12","date_gmt":"2021-11-22T14:30:12","guid":{"rendered":"https:\/\/hallow.com\/?page_id=52008"},"modified":"2024-02-09T09:11:21","modified_gmt":"2024-02-09T09:11:21","slug":"abonnieren-heute","status":"publish","type":"page","link":"https:\/\/hallow.com\/de\/abonnieren-heute\/","title":{"rendered":"L\u00f6se deine erweiterten kostenlosen 90 Tage bei Hallow ein!"},"content":{"rendered":"\n<h3 class=\"mt-8 wp-block-heading has-text-align-center\" id=\"h-find-peace-find-god\">Frieden finden. Gott finden.<\/h3>\n\n<div class=\"wp-block-cover is-light landing-features-illustration\"><span aria-hidden=\"true\" class=\"wp-block-cover__background has-background-dim-0 has-background-dim\"><\/span><img decoding=\"async\" width=\"2204\" height=\"570\" class=\"wp-block-cover__image-background wp-image-3920 lazyload\" alt=\"\" data-src=\"https:\/\/hallow.com\/wp-content\/uploads\/2020\/09\/features_covers-1.svg\" data-object-fit=\"cover\" src=\"data:image\/svg+xml;base64,PHN2ZyB3aWR0aD0iMSIgaGVpZ2h0PSIxIiB4bWxucz0iaHR0cDovL3d3dy53My5vcmcvMjAwMC9zdmciPjwvc3ZnPg==\" style=\"--smush-placeholder-width: 2204px; --smush-placeholder-aspect-ratio: 2204\/570;\" \/><div class=\"wp-block-cover__inner-container is-layout-flow wp-block-cover-is-layout-flow\">\n<p class=\"has-text-align-center has-large-font-size\"><\/p>\n<\/div><\/div>\n\n<div class=\"wp-block-columns is-layout-flex wp-container-core-columns-is-layout-1 wp-block-columns-is-layout-flex\">\n<div class=\"wp-block-column is-layout-flow wp-block-column-is-layout-flow\">\n<h3 class=\"wp-block-heading\" id=\"h-daily-gospel-amp-rosary\">Tagesevangelium und Rosenkranz<\/h3>\n\n\n\n<p class=\"\">W\u00e4hle aus mehr als 10.000 Meditationen, die t\u00e4glich aktualisiert werden aus &#8211; es hat alles, von Kurzmeditationen bis hin zu Anbetungsstunden.<\/p>\n<\/div>\n\n\n\n<div class=\"wp-block-column is-layout-flow wp-block-column-is-layout-flow\">\n<h3 class=\"wp-block-heading\" id=\"h-novenas-amp-litanies\">Novenen &amp; Litaneien<\/h3>\n\n\n\n<p class=\"\">Entdecke deinen Glauben neu mit Meditationen und Challenges rund um verschiedene Gebetsthemen wie Demut, Gelassenheit, Vertrauen und vielem mehr!<\/p>\n<\/div>\n\n\n\n<div class=\"wp-block-column is-layout-flow wp-block-column-is-layout-flow\">\n<h3 class=\"wp-block-heading\" id=\"h-sleep-amp-bible-stories\">Schlaf- und Bibelgeschichten<\/h3>\n\n\n\n<p class=\"\">Beende deinen Tag mit Christus durch eine abendliche Gewissenserforschung oder eine Bibelgeschichte. Dies mit verschiedensten bekannten Stimmen.<\/p>\n<\/div>\n<\/div>\n\n<div class=\"wp-block-buttons is-horizontal is-content-justification-center is-layout-flex wp-container-core-buttons-is-layout-1 wp-block-buttons-is-layout-flex\">\n<div class=\"wp-block-button onelink\"><a class=\"wp-block-button__link has-white-color has-black-background-color has-text-color has-background wp-element-button\" href=\"https:\/\/hallow.com\/portal\/?redirect=subscribe#\/launch\">3 Monate kostenlos einl\u00f6sen<\/a><\/div>\n<\/div>\n\n<div style=\"height:100px\" aria-hidden=\"true\" class=\"wp-block-spacer\"><\/div>\n<div class=\"testimonial testimonial-large\" data-block_ca182166df1e5195d1d1b5b6b0d9aa37>\r\n    <div class=\"testimonial-image\">\r\n        <img decoding=\"async\" data-src=\"https:\/\/hallow.com\/wp-content\/uploads\/2023\/10\/jonathan_roumie-731x1024.png\" alt=\"\" src=\"data:image\/svg+xml;base64,PHN2ZyB3aWR0aD0iMSIgaGVpZ2h0PSIxIiB4bWxucz0iaHR0cDovL3d3dy53My5vcmcvMjAwMC9zdmciPjwvc3ZnPg==\" class=\"lazyload\" style=\"--smush-placeholder-width: 731px; --smush-placeholder-aspect-ratio: 731\/1024;\" \/>\r\n    <\/div>\r\n    <blockquote class=\"testimonial-content\">\r\n        <p>&quot;Hallow hat nicht nur f\u00fcr mich, sondern auch f\u00fcr viele andere eine Ver\u00e4nderung bewirkt. Es ist f\u00fcr JEDEN etwas dabei &#8211; Meditationen. Gebete, Musik, die Heiligen &#8211; was es unheimlich einfach macht, mehr zu beten!&quot;<\/p>\r\n        <cite>\r\n            <div class=\"attribution\">\r\n                <span class=\"testimonial-name\">Johnathan Roumie <\/span>\r\n                <span class=\"testimonial-title\">(Jesus aus The Chosen)<\/span>\r\n            <\/div>\r\n        <\/cite>\r\n    <\/blockquote>\r\n<\/div>\r\n\r\n<style type=\"text\/css\">\r\n    \/*#region large*\/\r\n    [data-block_ca182166df1e5195d1d1b5b6b0d9aa37].testimonial {\r\n        font-family: 'Radial', sans-serif;\r\n        font-weight: 200;\r\n        font-size: 24px;\r\n        line-height: 30px;\r\n        display: grid;\r\n        grid-template-columns: 50% 50%;\r\n    }\r\n\r\n    [data-block_ca182166df1e5195d1d1b5b6b0d9aa37] .testimonial-image {\r\n        background: #C49EE7;\r\n        display: flex;\r\n        justify-content: center;\r\n        align-items: center;\r\n    }\r\n\r\n    [data-block_ca182166df1e5195d1d1b5b6b0d9aa37] .testimonial-image img {\r\n        width: 360px;\r\n        height: 500px;\r\n        object-fit: cover;\r\n    }\r\n\r\n    [data-block_ca182166df1e5195d1d1b5b6b0d9aa37] .testimonial-content {\r\n        background: #0A0450;\r\n        color: #FFF;\r\n        display: flex;\r\n        flex-direction: column;\r\n        justify-content: center;\r\n        align-items: center;\r\n        text-align: left;\r\n        margin: 0;\r\n        font-weight: bold;\r\n    }\r\n\r\n    [data-block_ca182166df1e5195d1d1b5b6b0d9aa37] .testimonial-content cite {\r\n        font-size: 18px;\r\n        font-style: normal;\r\n        font-weight: 400;\r\n    }\r\n\r\n    .block-editor [data-block_ca182166df1e5195d1d1b5b6b0d9aa37] .testimonial-content {\r\n        padding: 20px;\r\n    }\r\n    \/*#endregion*\/\r\n    \/*#region small*\/\r\n    [data-block_ca182166df1e5195d1d1b5b6b0d9aa37].testimonial.testimonial-small {\r\n        grid-template-columns: 20% 80%;\r\n        padding: 40px;\r\n        max-width: 700px;\r\n        width: calc(100% - 40px);\r\n        margin: 10px auto;\r\n        background-color: #F6F5F8;\r\n        min-height: unset;\r\n    }\r\n    @media  only screen and (max-width: 700px) {\r\n        [data-block_ca182166df1e5195d1d1b5b6b0d9aa37].testimonial-small {\r\n            display: flex;\r\n            flex-direction: column;\r\n            padding: 20px;\r\n        }\r\n    }\r\n\r\n    [data-block_ca182166df1e5195d1d1b5b6b0d9aa37].testimonial-small .testimonial-image {\r\n        width: 100px;\r\n        height: 100px;\r\n        border-radius: 50px;\r\n        overflow: hidden;\r\n        margin: auto 0;\r\n        background-color: transparent;\r\n        display: block;\r\n    }\r\n    @media  only screen and (max-width: 700px) {\r\n        [data-block_ca182166df1e5195d1d1b5b6b0d9aa37].testimonial-small .testimonial-image {\r\n            margin: auto 0 20px;\r\n            padding: 0;\r\n        }\r\n    }\r\n\r\n    [data-block_ca182166df1e5195d1d1b5b6b0d9aa37].testimonial-small .testimonial-image img {\r\n        width: 100% !important;\r\n        height: 100% !important;\r\n        object-position: center;\r\n        filter: grayscale(100%);\r\n        -webkit-mask-image: none;\r\n        mask-image: none;\r\n    }\r\n\r\n    [data-block_ca182166df1e5195d1d1b5b6b0d9aa37].testimonial-small .testimonial-content {\r\n        background-color: transparent;\r\n        color: black;\r\n        flex-direction: column-reverse;\r\n        font-weight: 400;\r\n        font-family: \"Neue Montreal\", sans-serif;\r\n        font-size: 18px;\r\n        line-height: 21.6px;\r\n        padding: 0;\r\n     }\r\n\r\n    [data-block_ca182166df1e5195d1d1b5b6b0d9aa37].testimonial-small .testimonial-content cite {\r\n        font-style: normal;\r\n        font-size: inherit;\r\n        font-weight: inherit;\r\n        margin-top: unset;\r\n        width: 100%;\r\n    }\r\n\r\n    [data-block_ca182166df1e5195d1d1b5b6b0d9aa37].testimonial-small .testimonial-content cite span {\r\n        display: block;\r\n    }\r\n\r\n    [data-block_ca182166df1e5195d1d1b5b6b0d9aa37].testimonial-small .testimonial-content p {\r\n        margin-bottom: 0;\r\n    }\r\n    @media  only screen and (max-width: 700px) {\r\n        [data-block_ca182166df1e5195d1d1b5b6b0d9aa37].testimonial-small .testimonial-content p {\r\n            font-size: 16px;\r\n            line-height: 19.2px;\r\n        }\r\n    }\r\n\r\n    [data-block_ca182166df1e5195d1d1b5b6b0d9aa37].testimonial-small .testimonial-name {\r\n        font-size: 24px;\r\n        font-weight: 700;\r\n        line-height: 28.8px;\r\n    }\r\n    @media  only screen and (max-width: 700px) {\r\n        [data-block_ca182166df1e5195d1d1b5b6b0d9aa37].testimonial-small .testimonial-name {\r\n            font-size: 18px;\r\n            line-height: 21.6px;\r\n        }\r\n    }\r\n\r\n    [data-block_ca182166df1e5195d1d1b5b6b0d9aa37].testimonial-small .testimonial-title {\r\n        text-transform: uppercase;\r\n        font-family: \"Neue Montreal\", sans-serif;\r\n        font-size: 14px;\r\n        line-height: 16.8px;\r\n        color: #7a757e;\r\n    }\r\n    @media  only screen and (max-width: 700px) {\r\n        [data-block_ca182166df1e5195d1d1b5b6b0d9aa37].testimonial-small .testimonial-title {\r\n            font-size: 13px;\r\n            line-height: 15.6px;\r\n        }\r\n    }\r\n    \/*#endregion*\/\r\n<\/style>\r\n\n<div class=\"wp-block-buttons is-horizontal is-content-justification-center is-layout-flex wp-container-core-buttons-is-layout-2 wp-block-buttons-is-layout-flex\">\n<div class=\"wp-block-button onelink\"><a class=\"wp-block-button__link has-white-color has-black-background-color has-text-color has-background wp-element-button\" href=\"https:\/\/hallow.com\/portal\/?redirect=subscribe#\/launch\">3 Monate kostenlos einl\u00f6sen<\/a><\/div>\n<\/div>\n\n<div class=\"wp-block-media-text alignwide is-stacked-on-mobile is-image-fill\"><figure class=\"wp-block-media-text__media lazyload\" style=\"background-image:inherit;background-position:50% 50%\" data-bg-image=\"url(https:\/\/hallow.com\/wp-content\/uploads\/2020\/09\/share_herald.svg)\"><img decoding=\"async\" width=\"660\" height=\"461\" data-src=\"https:\/\/hallow.com\/wp-content\/uploads\/2020\/09\/share_herald.svg\" alt=\"Herald Illustration teilen\" class=\"wp-image-3745 size-full lazyload\" src=\"data:image\/svg+xml;base64,PHN2ZyB3aWR0aD0iMSIgaGVpZ2h0PSIxIiB4bWxucz0iaHR0cDovL3d3dy53My5vcmcvMjAwMC9zdmciPjwvc3ZnPg==\" style=\"--smush-placeholder-width: 660px; --smush-placeholder-aspect-ratio: 660\/461;\" \/><\/figure><div class=\"wp-block-media-text__content\">\n<h3 class=\"wp-block-heading\" id=\"h-what-people-are-saying\">Was verschiedene Leute sagen<\/h3>\n\n\n\n<p class=\"\">&#8222;Diese App hat mich dazu gebracht, jeden Tag zu beten, auch wenn sonst nichts mehr ging. Sie ist die 9 Dollar pro Monat wert. Sie wird st\u00e4ndig mit neuen t\u00e4glichen Gebeten und Evangelien aktualisiert. Wenn du dir nicht sicher bist, probiere es aus. Ich glaube nicht, dass du entt\u00e4uscht sein wirst.&#8220;<\/p>\n<\/div><\/div>\n\n<div class=\"wp-block-media-text alignwide has-media-on-the-right is-stacked-on-mobile is-image-fill\"><div class=\"wp-block-media-text__content\">\n<h3 class=\"wp-block-heading\" id=\"h-take-a-break-talk-to-god\">Mach eine Pause. Sprich mit Gott.<\/h3>\n\n\n\n<p class=\"\">Mach das Gebet zu einer Priorit\u00e4t. Unser Ziel bei Hallow ist es, dir zu helfen, mehr zu beten und dich von Gott seinen Frieden bringen zu lassen. Lade einfach die App herunter, w\u00e4hle eine Meditationseinheit, dr\u00fcck auf &#8222;Abspielen&#8220;, schlie\u00df die Augen und lass Gott den Rest tun.<\/p>\n<\/div><figure class=\"wp-block-media-text__media lazyload\" style=\"background-image:inherit;background-position:50% 50%\" data-bg-image=\"url(https:\/\/hallow.com\/wp-content\/uploads\/2020\/09\/share_family.svg)\"><img decoding=\"async\" width=\"660\" height=\"461\" data-src=\"https:\/\/hallow.com\/wp-content\/uploads\/2020\/09\/share_family.svg\" alt=\"Familien-Illustration teilen\" class=\"wp-image-3746 size-full lazyload\" src=\"data:image\/svg+xml;base64,PHN2ZyB3aWR0aD0iMSIgaGVpZ2h0PSIxIiB4bWxucz0iaHR0cDovL3d3dy53My5vcmcvMjAwMC9zdmciPjwvc3ZnPg==\" style=\"--smush-placeholder-width: 660px; --smush-placeholder-aspect-ratio: 660\/461;\" \/><\/figure><\/div>\n\n<div class=\"wp-block-group\"><div class=\"wp-block-group__inner-container is-layout-flow wp-block-group-is-layout-flow\"><\/div><\/div>\n\n<p class=\"\"><\/p>\n","protected":false},"excerpt":{"rendered":"<p>Frieden finden. Gott finden. Tagesevangelium und Rosenkranz W\u00e4hle aus mehr als 10.000 Meditationen, die t\u00e4glich aktualisiert werden aus &#8211; es hat alles, von Kurzmeditationen bis hin zu Anbetungsstunden. Novenen &amp; Litaneien Entdecke deinen Glauben neu mit Meditationen und Challenges rund um verschiedene Gebetsthemen wie Demut, Gelassenheit, Vertrauen und vielem mehr! Schlaf- und Bibelgeschichten Beende deinen &hellip; <a href=\"https:\/\/hallow.com\/de\/abonnieren-heute\/\">Continued<\/a><\/p>\n","protected":false},"author":40,"featured_media":52009,"parent":0,"menu_order":0,"comment_status":"closed","ping_status":"closed","template":"views\/landing.blade.php","meta":{"_acf_changed":false,"_et_pb_use_builder":"","_et_pb_old_content":"","_et_gb_content_width":"","inline_featured_image":false,"footnotes":""},"class_list":["post-52008","page","type-page","status-publish","has-post-thumbnail","hentry"],"acf":[],"yoast_head":"<!-- This site is optimized with the Yoast SEO Premium plugin v24.3 (Yoast SEO v25.6) - https:\/\/yoast.com\/wordpress\/plugins\/seo\/ -->\n<title>L\u00f6se deine erweiterten kostenlosen 90 Tage bei Hallow ein! &#8211; Hallow<\/title>\n<meta name=\"robots\" content=\"noindex, nofollow\" \/>\n<meta property=\"og:locale\" content=\"de_DE\" \/>\n<meta property=\"og:type\" content=\"article\" \/>\n<meta property=\"og:title\" content=\"L\u00f6se deine erweiterten kostenlosen 90 Tage bei Hallow ein!\" \/>\n<meta property=\"og:description\" content=\"Frieden finden. Gott finden. Tagesevangelium und Rosenkranz W\u00e4hle aus mehr als 10.000 Meditationen, die t\u00e4glich aktualisiert werden aus &#8211; es hat alles, von Kurzmeditationen bis hin zu Anbetungsstunden. Novenen &amp; Litaneien Entdecke deinen Glauben neu mit Meditationen und Challenges rund um verschiedene Gebetsthemen wie Demut, Gelassenheit, Vertrauen und vielem mehr! Schlaf- und Bibelgeschichten Beende deinen &hellip; Continued\" \/>\n<meta property=\"og:url\" content=\"https:\/\/hallow.com\/de\/abonnieren-heute\/\" \/>\n<meta property=\"og:site_name\" content=\"Hallow\" \/>\n<meta property=\"article:publisher\" content=\"https:\/\/facebook.com\/hallowapp\" \/>\n<meta property=\"article:modified_time\" content=\"2024-02-09T09:11:21+00:00\" \/>\n<meta property=\"og:image\" content=\"https:\/\/s3.amazonaws.com\/hallow.com\/wp-content\/uploads\/2022\/04\/05154151\/Branch-500x500.png\" \/>\n<meta name=\"twitter:card\" content=\"summary_large_image\" \/>\n<meta name=\"twitter:image\" content=\"https:\/\/s3.amazonaws.com\/hallow.com\/wp-content\/uploads\/2022\/04\/05154151\/Branch-1024x1024.png\" \/>\n<meta name=\"twitter:site\" content=\"@hallowapp\" \/>\n<script type=\"application\/ld+json\" class=\"yoast-schema-graph\">{\"@context\":\"https:\/\/schema.org\",\"@graph\":[{\"@type\":\"WebPage\",\"@id\":\"https:\/\/hallow.com\/de\/abonnieren-heute\/\",\"url\":\"https:\/\/hallow.com\/de\/abonnieren-heute\/\",\"name\":\"L\u00f6se deine erweiterten kostenlosen 90 Tage bei Hallow ein! &#8211; Hallow\",\"isPartOf\":{\"@id\":\"https:\/\/hallow.com\/de\/#website\"},\"primaryImageOfPage\":{\"@id\":\"https:\/\/hallow.com\/de\/abonnieren-heute\/#primaryimage\"},\"image\":{\"@id\":\"https:\/\/hallow.com\/de\/abonnieren-heute\/#primaryimage\"},\"thumbnailUrl\":\"https:\/\/hallow.com\/wp-content\/uploads\/2022\/04\/Branch.png\",\"datePublished\":\"2021-11-22T14:30:12+00:00\",\"dateModified\":\"2024-02-09T09:11:21+00:00\",\"breadcrumb\":{\"@id\":\"https:\/\/hallow.com\/de\/abonnieren-heute\/#breadcrumb\"},\"inLanguage\":\"de\",\"potentialAction\":[{\"@type\":\"ReadAction\",\"target\":[\"https:\/\/hallow.com\/de\/abonnieren-heute\/\"]}]},{\"@type\":\"ImageObject\",\"inLanguage\":\"de\",\"@id\":\"https:\/\/hallow.com\/de\/abonnieren-heute\/#primaryimage\",\"url\":\"https:\/\/hallow.com\/wp-content\/uploads\/2022\/04\/Branch.png\",\"contentUrl\":\"https:\/\/hallow.com\/wp-content\/uploads\/2022\/04\/Branch.png\",\"width\":1080,\"height\":1080},{\"@type\":\"BreadcrumbList\",\"@id\":\"https:\/\/hallow.com\/de\/abonnieren-heute\/#breadcrumb\",\"itemListElement\":[{\"@type\":\"ListItem\",\"position\":1,\"name\":\"Home\",\"item\":\"https:\/\/hallow.com\/de\/\"},{\"@type\":\"ListItem\",\"position\":2,\"name\":\"L\u00f6se deine erweiterten kostenlosen 90 Tage bei Hallow ein!\"}]},{\"@type\":\"WebSite\",\"@id\":\"https:\/\/hallow.com\/de\/#website\",\"url\":\"https:\/\/hallow.com\/de\/\",\"name\":\"Hallow\",\"description\":\"Catholic Prayer and Meditation App\",\"publisher\":{\"@id\":\"https:\/\/hallow.com\/de\/#organization\"},\"potentialAction\":[{\"@type\":\"SearchAction\",\"target\":{\"@type\":\"EntryPoint\",\"urlTemplate\":\"https:\/\/hallow.com\/de\/?s={search_term_string}\"},\"query-input\":{\"@type\":\"PropertyValueSpecification\",\"valueRequired\":true,\"valueName\":\"search_term_string\"}}],\"inLanguage\":\"de\"},{\"@type\":\"Organization\",\"@id\":\"https:\/\/hallow.com\/de\/#organization\",\"name\":\"Hallow\",\"url\":\"https:\/\/hallow.com\/de\/\",\"logo\":{\"@type\":\"ImageObject\",\"inLanguage\":\"de\",\"@id\":\"https:\/\/hallow.com\/de\/#\/schema\/logo\/image\/\",\"url\":\"https:\/\/hallow.com\/wp-content\/uploads\/2019\/04\/Purple-Logo.png\",\"contentUrl\":\"https:\/\/hallow.com\/wp-content\/uploads\/2019\/04\/Purple-Logo.png\",\"width\":1470,\"height\":292,\"caption\":\"Hallow\"},\"image\":{\"@id\":\"https:\/\/hallow.com\/de\/#\/schema\/logo\/image\/\"},\"sameAs\":[\"https:\/\/facebook.com\/hallowapp\",\"https:\/\/x.com\/hallowapp\",\"https:\/\/instagram.com\/hallowapp\"]}]}<\/script>\n<!-- \/ Yoast SEO Premium plugin. -->","yoast_head_json":{"title":"L\u00f6se deine erweiterten kostenlosen 90 Tage bei Hallow ein! &#8211; Hallow","robots":{"index":"noindex","follow":"nofollow"},"og_locale":"de_DE","og_type":"article","og_title":"L\u00f6se deine erweiterten kostenlosen 90 Tage bei Hallow ein!","og_description":"Frieden finden. Gott finden. Tagesevangelium und Rosenkranz W\u00e4hle aus mehr als 10.000 Meditationen, die t\u00e4glich aktualisiert werden aus &#8211; es hat alles, von Kurzmeditationen bis hin zu Anbetungsstunden. Novenen &amp; Litaneien Entdecke deinen Glauben neu mit Meditationen und Challenges rund um verschiedene Gebetsthemen wie Demut, Gelassenheit, Vertrauen und vielem mehr! Schlaf- und Bibelgeschichten Beende deinen &hellip; Continued","og_url":"https:\/\/hallow.com\/de\/abonnieren-heute\/","og_site_name":"Hallow","article_publisher":"https:\/\/facebook.com\/hallowapp","article_modified_time":"2024-02-09T09:11:21+00:00","og_image":[{"url":"https:\/\/s3.amazonaws.com\/hallow.com\/wp-content\/uploads\/2022\/04\/05154151\/Branch-500x500.png","type":"","width":"","height":""}],"twitter_card":"summary_large_image","twitter_image":"https:\/\/s3.amazonaws.com\/hallow.com\/wp-content\/uploads\/2022\/04\/05154151\/Branch-1024x1024.png","twitter_site":"@hallowapp","schema":{"@context":"https:\/\/schema.org","@graph":[{"@type":"WebPage","@id":"https:\/\/hallow.com\/de\/abonnieren-heute\/","url":"https:\/\/hallow.com\/de\/abonnieren-heute\/","name":"L\u00f6se deine erweiterten kostenlosen 90 Tage bei Hallow ein! &#8211; Hallow","isPartOf":{"@id":"https:\/\/hallow.com\/de\/#website"},"primaryImageOfPage":{"@id":"https:\/\/hallow.com\/de\/abonnieren-heute\/#primaryimage"},"image":{"@id":"https:\/\/hallow.com\/de\/abonnieren-heute\/#primaryimage"},"thumbnailUrl":"https:\/\/hallow.com\/wp-content\/uploads\/2022\/04\/Branch.png","datePublished":"2021-11-22T14:30:12+00:00","dateModified":"2024-02-09T09:11:21+00:00","breadcrumb":{"@id":"https:\/\/hallow.com\/de\/abonnieren-heute\/#breadcrumb"},"inLanguage":"de","potentialAction":[{"@type":"ReadAction","target":["https:\/\/hallow.com\/de\/abonnieren-heute\/"]}]},{"@type":"ImageObject","inLanguage":"de","@id":"https:\/\/hallow.com\/de\/abonnieren-heute\/#primaryimage","url":"https:\/\/hallow.com\/wp-content\/uploads\/2022\/04\/Branch.png","contentUrl":"https:\/\/hallow.com\/wp-content\/uploads\/2022\/04\/Branch.png","width":1080,"height":1080},{"@type":"BreadcrumbList","@id":"https:\/\/hallow.com\/de\/abonnieren-heute\/#breadcrumb","itemListElement":[{"@type":"ListItem","position":1,"name":"Home","item":"https:\/\/hallow.com\/de\/"},{"@type":"ListItem","position":2,"name":"L\u00f6se deine erweiterten kostenlosen 90 Tage bei Hallow ein!"}]},{"@type":"WebSite","@id":"https:\/\/hallow.com\/de\/#website","url":"https:\/\/hallow.com\/de\/","name":"Hallow","description":"Catholic Prayer and Meditation App","publisher":{"@id":"https:\/\/hallow.com\/de\/#organization"},"potentialAction":[{"@type":"SearchAction","target":{"@type":"EntryPoint","urlTemplate":"https:\/\/hallow.com\/de\/?s={search_term_string}"},"query-input":{"@type":"PropertyValueSpecification","valueRequired":true,"valueName":"search_term_string"}}],"inLanguage":"de"},{"@type":"Organization","@id":"https:\/\/hallow.com\/de\/#organization","name":"Hallow","url":"https:\/\/hallow.com\/de\/","logo":{"@type":"ImageObject","inLanguage":"de","@id":"https:\/\/hallow.com\/de\/#\/schema\/logo\/image\/","url":"https:\/\/hallow.com\/wp-content\/uploads\/2019\/04\/Purple-Logo.png","contentUrl":"https:\/\/hallow.com\/wp-content\/uploads\/2019\/04\/Purple-Logo.png","width":1470,"height":292,"caption":"Hallow"},"image":{"@id":"https:\/\/hallow.com\/de\/#\/schema\/logo\/image\/"},"sameAs":["https:\/\/facebook.com\/hallowapp","https:\/\/x.com\/hallowapp","https:\/\/instagram.com\/hallowapp"]}]}},"_links":{"self":[{"href":"https:\/\/hallow.com\/de\/wp-json\/wp\/v2\/pages\/52008"}],"collection":[{"href":"https:\/\/hallow.com\/de\/wp-json\/wp\/v2\/pages"}],"about":[{"href":"https:\/\/hallow.com\/de\/wp-json\/wp\/v2\/types\/page"}],"author":[{"embeddable":true,"href":"https:\/\/hallow.com\/de\/wp-json\/wp\/v2\/users\/40"}],"replies":[{"embeddable":true,"href":"https:\/\/hallow.com\/de\/wp-json\/wp\/v2\/comments?post=52008"}],"version-history":[{"count":4,"href":"https:\/\/hallow.com\/de\/wp-json\/wp\/v2\/pages\/52008\/revisions"}],"predecessor-version":[{"id":52210,"href":"https:\/\/hallow.com\/de\/wp-json\/wp\/v2\/pages\/52008\/revisions\/52210"}],"wp:featuredmedia":[{"embeddable":true,"href":"https:\/\/hallow.com\/de\/wp-json\/wp\/v2\/media\/52009"}],"wp:attachment":[{"href":"https:\/\/hallow.com\/de\/wp-json\/wp\/v2\/media?parent=52008"}],"curies":[{"name":"wp","href":"https:\/\/api.w.org\/{rel}","templated":true}]}}