{"id":26707,"date":"2022-02-10T04:19:31","date_gmt":"2022-02-10T04:19:31","guid":{"rendered":"https:\/\/hallow.com\/?page_id=26707"},"modified":"2022-09-05T15:10:57","modified_gmt":"2022-09-05T15:10:57","slug":"politica-de-cookies","status":"publish","type":"page","link":"https:\/\/hallow.com\/es\/politica-de-cookies\/","title":{"rendered":"Pol\u00edtica de Cookies"},"content":{"rendered":"\n<p class=\"\">Esta Pol\u00edtica de Cookies se incorpora a nuestra <a href=\"https:\/\/hallow.com\/privacy-policy\/\">Pol\u00edtica de Privacidad<\/a>, que tambi\u00e9n forma parte de nuestros <a href=\"https:\/\/hallow.com\/terms-of-service\/\">T\u00e9rminos de Servicio<\/a>. Todos los t\u00e9rminos que utilizamos en esta Pol\u00edtica de Cookies sin definirlos tienen las definiciones que se les dan en los T\u00e9rminos de Servicio o en la Pol\u00edtica de Privacidad. Si tiene alguna pregunta sobre esta Pol\u00edtica de Cookies, p\u00f3ngase en contacto con nosotros a <a href=\"mailto:support@hallow.com\">support@hallow.com<\/a>.<\/p>\n\n\n\n<p class=\"\">Nuestros Servicios utilizan cookies y tecnolog\u00edas similares como etiquetas de p\u00edxeles, balizas web, GIF transparentes y JavaScript (denominados colectivamente, \u00abCookies\u00bb) para permitir que los servidores reconozcan su navegador web, nos informen c\u00f3mo y cu\u00e1ndo visita y utiliza nuestros Servicios, analicen tendencias, aprendan sobre nuestra base de usuarios y utilicen y mejoren nuestros Servicios. Las Cookies son peque\u00f1os datos (generalmente archivos de texto) que se colocan en su computadora, tableta, tel\u00e9fono o dispositivo similar cuando utiliza ese dispositivo para acceder a nuestros Servicios. Uno de los proveedores con los que trabajamos (es decir, Baremetrics, nuestra plataforma de an\u00e1lisis de ingresos) extrae autom\u00e1ticamente perfiles sociales p\u00fablicos cuando est\u00e1n disponibles. Cuando descubrimos esto, optamos por no participar de esta funci\u00f3n. Tenga en cuenta que debido a nuestro uso de Cookies, los Servicios no admiten las solicitudes de \u00abno hacer seguimiento\u00bb enviadas desde un navegador en este momento.<\/p>\n\n\n\n<p class=\"\">Utilizamos los siguientes tipos de Cookies:<\/p>\n\n\n\n<ul class=\"wp-block-list\"><li><strong>Cookies estrictamente necesarias.<\/strong> Se requieren las cookies estrictamente necesarias para proporcionarle funciones o servicios que usted haya solicitado. Por ejemplo, ciertas Cookies le permiten iniciar sesi\u00f3n en \u00e1reas seguras de nuestros Servicios. Si deshabilita estas Cookies, es posible que ciertas funciones y servicios no est\u00e9n disponibles.<\/li><li><strong>Cookies funcionales.<\/strong> Las Cookies funcionales se utilizan para registrar sus opciones y ajustes con respecto a nuestros Servicios, mantener sus preferencias en el paso tiempo y reconocerlo cuando regresa a nuestros Servicios. Estas Cookies nos ayudan a personalizar nuestro contenido para usted, saludarlo por su nombre y recordar sus preferencias (por ejemplo, su elecci\u00f3n de idioma o regi\u00f3n).<\/li><li><strong>Cookies de rendimiento.<\/strong> Las Cookies de rendimiento nos permiten evaluar y mejorar el rendimiento de nuestros Servicios. Esto se hace mediante la recopilaci\u00f3n de informaci\u00f3n sobre el n\u00famero de visitantes a los Servicios, qu\u00e9 p\u00e1ginas miran los visitantes, con qu\u00e9 v\u00ednculos interact\u00faan los visitantes en nuestros Servicios, cu\u00e1nto tiempo est\u00e1n mirando las p\u00e1ginas en los Servicios y si los visitantes han interactuado con ciertas comunicaciones.<\/li><li><strong>Cookies de preferencias.<\/strong> Las Cookies de preferencias nos ayudan a proporcionar contenido de marketing que creemos le puede ser \u00fatil. No utilizamos ni divulgamos Datos personales de ning\u00fan usuario que sepamos que es un Ni\u00f1o menor de edad para la segmentaci\u00f3n por comportamiento de los anuncios.<\/li><\/ul>\n\n\n\n<p class=\"\">Puede decidir si aceptar o rechazar cookies a trav\u00e9s de la configuraci\u00f3n del navegador de Internet. La mayor\u00eda de los navegadores tienen una opci\u00f3n para desactivar la funci\u00f3n de Cookies, lo que evitar\u00e1 que su navegador acepte nuevas Cookies, adem\u00e1s, (seg\u00fan qu\u00e9 tan sofisticado sea el software del navegador) le permite decidir sobre la aceptaci\u00f3n de cada nueva Cookie de una variedad de maneras. Tambi\u00e9n puede eliminar todas las Cookies que ya se encuentran en el dispositivo. Sin embargo, si lo hace, es posible que tenga que ajustar manualmente algunas preferencias cada vez que visite nuestro sitio web y que algunos de los Servicios y funciones no se ejecuten.<\/p>\n\n\n\n<p class=\"\">Para explorar qu\u00e9 ajustes de cookies est\u00e1n disponibles para usted, consulte la secci\u00f3n de \u00abpreferencias\u00bb u \u00abopciones\u00bb en el men\u00fa del navegador. Para obtener m\u00e1s informaci\u00f3n sobre las Cookies, como informaci\u00f3n sobre c\u00f3mo administrar y eliminar Cookies, visite <a href=\"http:\/\/www.allaboutcookies.org\/\">http:\/\/www.allaboutcookies.org<\/a> o <a href=\"https:\/\/ico.org.uk\/for-the-public\/online\/cookies\/\">https:\/\/ico.org.uk\/for-the-public\/online\/cookies\/<\/a> si se encuentra en la Uni\u00f3n Europea.<\/p>\n\n\n\n<p class=\"\">Tambi\u00e9n puede optar por no participar de ciertas Cookies mediante el <a href=\"#cookie-manager\">Administrador de Cookies<\/a> en nuestro sitio web y puede cambiar la configuraci\u00f3n del dispositivo m\u00f3vil para limitar el seguimiento a trav\u00e9s de la Aplicaci\u00f3n.<\/p>\n\n\n\n<p class=\"\"><\/p>\n\n\n\n<p class=\"m-3\"><\/p>\n","protected":false},"excerpt":{"rendered":"<p>Esta Pol\u00edtica de Cookies se incorpora a nuestra Pol\u00edtica de Privacidad, que tambi\u00e9n forma parte de nuestros T\u00e9rminos de Servicio. Todos los t\u00e9rminos que utilizamos en esta Pol\u00edtica de Cookies sin definirlos tienen las definiciones que se les dan en los T\u00e9rminos de Servicio o en la Pol\u00edtica de Privacidad. Si tiene alguna pregunta sobre &hellip; <a href=\"https:\/\/hallow.com\/es\/politica-de-cookies\/\">Continued<\/a><\/p>\n","protected":false},"author":1,"featured_media":0,"parent":0,"menu_order":0,"comment_status":"closed","ping_status":"closed","template":"","meta":{"_acf_changed":false,"_et_pb_use_builder":"","_et_pb_old_content":"","_et_gb_content_width":"","inline_featured_image":false,"footnotes":""},"class_list":["post-26707","page","type-page","status-publish","hentry"],"acf":[],"yoast_head":"<!-- This site is optimized with the Yoast SEO Premium plugin v24.3 (Yoast SEO v25.6) - https:\/\/yoast.com\/wordpress\/plugins\/seo\/ -->\n<title>Pol\u00edtica de Cookies &#8211; Hallow<\/title>\n<meta name=\"robots\" content=\"index, follow, max-snippet:-1, max-image-preview:large, max-video-preview:-1\" \/>\n<link rel=\"canonical\" href=\"https:\/\/hallow.com\/es\/politica-de-cookies\/\" \/>\n<meta property=\"og:locale\" content=\"es_ES\" \/>\n<meta property=\"og:type\" content=\"article\" \/>\n<meta property=\"og:title\" content=\"Pol\u00edtica de Cookies\" \/>\n<meta property=\"og:description\" content=\"Esta Pol\u00edtica de Cookies se incorpora a nuestra Pol\u00edtica de Privacidad, que tambi\u00e9n forma parte de nuestros T\u00e9rminos de Servicio. Todos los t\u00e9rminos que utilizamos en esta Pol\u00edtica de Cookies sin definirlos tienen las definiciones que se les dan en los T\u00e9rminos de Servicio o en la Pol\u00edtica de Privacidad. Si tiene alguna pregunta sobre &hellip; Continued\" \/>\n<meta property=\"og:url\" content=\"https:\/\/hallow.com\/es\/politica-de-cookies\/\" \/>\n<meta property=\"og:site_name\" content=\"Hallow\" \/>\n<meta property=\"article:publisher\" content=\"https:\/\/facebook.com\/hallowapp\" \/>\n<meta property=\"article:modified_time\" content=\"2022-09-05T15:10:57+00:00\" \/>\n<meta property=\"og:image\" content=\"https:\/\/hallow.com\/wp-content\/uploads\/2022\/04\/Branch.png\" \/>\n\t<meta property=\"og:image:width\" content=\"1080\" \/>\n\t<meta property=\"og:image:height\" content=\"1080\" \/>\n\t<meta property=\"og:image:type\" content=\"image\/png\" \/>\n<meta name=\"twitter:card\" content=\"summary_large_image\" \/>\n<meta name=\"twitter:site\" content=\"@hallowapp\" \/>\n<script type=\"application\/ld+json\" class=\"yoast-schema-graph\">{\"@context\":\"https:\/\/schema.org\",\"@graph\":[{\"@type\":\"WebPage\",\"@id\":\"https:\/\/hallow.com\/es\/politica-de-cookies\/\",\"url\":\"https:\/\/hallow.com\/es\/politica-de-cookies\/\",\"name\":\"Pol\u00edtica de Cookies &#8211; Hallow\",\"isPartOf\":{\"@id\":\"https:\/\/hallow.com\/es\/#website\"},\"datePublished\":\"2022-02-10T04:19:31+00:00\",\"dateModified\":\"2022-09-05T15:10:57+00:00\",\"breadcrumb\":{\"@id\":\"https:\/\/hallow.com\/es\/politica-de-cookies\/#breadcrumb\"},\"inLanguage\":\"es\",\"potentialAction\":[{\"@type\":\"ReadAction\",\"target\":[\"https:\/\/hallow.com\/es\/politica-de-cookies\/\"]}]},{\"@type\":\"BreadcrumbList\",\"@id\":\"https:\/\/hallow.com\/es\/politica-de-cookies\/#breadcrumb\",\"itemListElement\":[{\"@type\":\"ListItem\",\"position\":1,\"name\":\"Home\",\"item\":\"https:\/\/hallow.com\/es\/\"},{\"@type\":\"ListItem\",\"position\":2,\"name\":\"Pol\u00edtica de Cookies\"}]},{\"@type\":\"WebSite\",\"@id\":\"https:\/\/hallow.com\/es\/#website\",\"url\":\"https:\/\/hallow.com\/es\/\",\"name\":\"Hallow\",\"description\":\"Catholic Prayer and Meditation App\",\"publisher\":{\"@id\":\"https:\/\/hallow.com\/es\/#organization\"},\"potentialAction\":[{\"@type\":\"SearchAction\",\"target\":{\"@type\":\"EntryPoint\",\"urlTemplate\":\"https:\/\/hallow.com\/es\/?s={search_term_string}\"},\"query-input\":{\"@type\":\"PropertyValueSpecification\",\"valueRequired\":true,\"valueName\":\"search_term_string\"}}],\"inLanguage\":\"es\"},{\"@type\":\"Organization\",\"@id\":\"https:\/\/hallow.com\/es\/#organization\",\"name\":\"Hallow\",\"url\":\"https:\/\/hallow.com\/es\/\",\"logo\":{\"@type\":\"ImageObject\",\"inLanguage\":\"es\",\"@id\":\"https:\/\/hallow.com\/es\/#\/schema\/logo\/image\/\",\"url\":\"https:\/\/hallow.com\/wp-content\/uploads\/2019\/04\/Purple-Logo.png\",\"contentUrl\":\"https:\/\/hallow.com\/wp-content\/uploads\/2019\/04\/Purple-Logo.png\",\"width\":1470,\"height\":292,\"caption\":\"Hallow\"},\"image\":{\"@id\":\"https:\/\/hallow.com\/es\/#\/schema\/logo\/image\/\"},\"sameAs\":[\"https:\/\/facebook.com\/hallowapp\",\"https:\/\/x.com\/hallowapp\",\"https:\/\/instagram.com\/hallowapp\"]}]}<\/script>\n<!-- \/ Yoast SEO Premium plugin. -->","yoast_head_json":{"title":"Pol\u00edtica de Cookies &#8211; Hallow","robots":{"index":"index","follow":"follow","max-snippet":"max-snippet:-1","max-image-preview":"max-image-preview:large","max-video-preview":"max-video-preview:-1"},"canonical":"https:\/\/hallow.com\/es\/politica-de-cookies\/","og_locale":"es_ES","og_type":"article","og_title":"Pol\u00edtica de Cookies","og_description":"Esta Pol\u00edtica de Cookies se incorpora a nuestra Pol\u00edtica de Privacidad, que tambi\u00e9n forma parte de nuestros T\u00e9rminos de Servicio. Todos los t\u00e9rminos que utilizamos en esta Pol\u00edtica de Cookies sin definirlos tienen las definiciones que se les dan en los T\u00e9rminos de Servicio o en la Pol\u00edtica de Privacidad. Si tiene alguna pregunta sobre &hellip; Continued","og_url":"https:\/\/hallow.com\/es\/politica-de-cookies\/","og_site_name":"Hallow","article_publisher":"https:\/\/facebook.com\/hallowapp","article_modified_time":"2022-09-05T15:10:57+00:00","og_image":[{"width":1080,"height":1080,"url":"https:\/\/hallow.com\/wp-content\/uploads\/2022\/04\/Branch.png","type":"image\/png"}],"twitter_card":"summary_large_image","twitter_site":"@hallowapp","schema":{"@context":"https:\/\/schema.org","@graph":[{"@type":"WebPage","@id":"https:\/\/hallow.com\/es\/politica-de-cookies\/","url":"https:\/\/hallow.com\/es\/politica-de-cookies\/","name":"Pol\u00edtica de Cookies &#8211; Hallow","isPartOf":{"@id":"https:\/\/hallow.com\/es\/#website"},"datePublished":"2022-02-10T04:19:31+00:00","dateModified":"2022-09-05T15:10:57+00:00","breadcrumb":{"@id":"https:\/\/hallow.com\/es\/politica-de-cookies\/#breadcrumb"},"inLanguage":"es","potentialAction":[{"@type":"ReadAction","target":["https:\/\/hallow.com\/es\/politica-de-cookies\/"]}]},{"@type":"BreadcrumbList","@id":"https:\/\/hallow.com\/es\/politica-de-cookies\/#breadcrumb","itemListElement":[{"@type":"ListItem","position":1,"name":"Home","item":"https:\/\/hallow.com\/es\/"},{"@type":"ListItem","position":2,"name":"Pol\u00edtica de Cookies"}]},{"@type":"WebSite","@id":"https:\/\/hallow.com\/es\/#website","url":"https:\/\/hallow.com\/es\/","name":"Hallow","description":"Catholic Prayer and Meditation App","publisher":{"@id":"https:\/\/hallow.com\/es\/#organization"},"potentialAction":[{"@type":"SearchAction","target":{"@type":"EntryPoint","urlTemplate":"https:\/\/hallow.com\/es\/?s={search_term_string}"},"query-input":{"@type":"PropertyValueSpecification","valueRequired":true,"valueName":"search_term_string"}}],"inLanguage":"es"},{"@type":"Organization","@id":"https:\/\/hallow.com\/es\/#organization","name":"Hallow","url":"https:\/\/hallow.com\/es\/","logo":{"@type":"ImageObject","inLanguage":"es","@id":"https:\/\/hallow.com\/es\/#\/schema\/logo\/image\/","url":"https:\/\/hallow.com\/wp-content\/uploads\/2019\/04\/Purple-Logo.png","contentUrl":"https:\/\/hallow.com\/wp-content\/uploads\/2019\/04\/Purple-Logo.png","width":1470,"height":292,"caption":"Hallow"},"image":{"@id":"https:\/\/hallow.com\/es\/#\/schema\/logo\/image\/"},"sameAs":["https:\/\/facebook.com\/hallowapp","https:\/\/x.com\/hallowapp","https:\/\/instagram.com\/hallowapp"]}]}},"_links":{"self":[{"href":"https:\/\/hallow.com\/es\/wp-json\/wp\/v2\/pages\/26707"}],"collection":[{"href":"https:\/\/hallow.com\/es\/wp-json\/wp\/v2\/pages"}],"about":[{"href":"https:\/\/hallow.com\/es\/wp-json\/wp\/v2\/types\/page"}],"author":[{"embeddable":true,"href":"https:\/\/hallow.com\/es\/wp-json\/wp\/v2\/users\/1"}],"replies":[{"embeddable":true,"href":"https:\/\/hallow.com\/es\/wp-json\/wp\/v2\/comments?post=26707"}],"version-history":[{"count":2,"href":"https:\/\/hallow.com\/es\/wp-json\/wp\/v2\/pages\/26707\/revisions"}],"predecessor-version":[{"id":26719,"href":"https:\/\/hallow.com\/es\/wp-json\/wp\/v2\/pages\/26707\/revisions\/26719"}],"wp:attachment":[{"href":"https:\/\/hallow.com\/es\/wp-json\/wp\/v2\/media?parent=26707"}],"curies":[{"name":"wp","href":"https:\/\/api.w.org\/{rel}","templated":true}]}}