{"id":26701,"date":"2022-02-10T04:19:31","date_gmt":"2022-02-10T04:19:31","guid":{"rendered":"https:\/\/hallow.com\/?page_id=26701"},"modified":"2022-09-05T15:10:16","modified_gmt":"2022-09-05T15:10:16","slug":"polityka-plikow-cookie","status":"publish","type":"page","link":"https:\/\/hallow.com\/pl\/polityka-plikow-cookie\/","title":{"rendered":"Polityka plik\u00f3w cookie"},"content":{"rendered":"\n<p class=\"\">Niniejsza Polityka plik\u00f3w cookie stanowi cz\u0119\u015b\u0107 naszej <a href=\"https:\/\/hallow.com\/privacy-policy\/\">Polityki prywatno\u015bci<\/a>, kt\u00f3ra z&nbsp;kolei jest cz\u0119\u015bci\u0105 <a href=\"https:\/\/hallow.com\/terms-of-service\/\">Warunk\u00f3w u\u017cytkowania<\/a>. Wszelkie terminy, kt\u00f3rych u\u017cywamy w niniejszej Polityce plik\u00f3w cookie bez podania ich definicji, zdefiniowano w Warunkach u\u017cytkowania lub Polityce prywatno\u015bci. W&nbsp;razie pyta\u0144 dotycz\u0105cych niniejszej Polityki plik\u00f3w cookie kontaktuj si\u0119 z nami pod adresem <a href=\"mailto:support@hallow.com\">support@hallow.com<\/a>.<\/p>\n\n\n\n<p class=\"\">W&nbsp;naszych Us\u0142ugach stosowane s\u0105 pliki cookie i&nbsp;podobne technologie, takie jak znaczniki pikselowe, sygnalizatory sieciowe, wyra\u017ane pliki GIF i JavaScript (zwane \u0142\u0105cznie \u201eplikami cookie\u201d), co umo\u017cliwia naszym serwerom rozpoznawanie przegl\u0105darki internetowej, informowanie nas, jak i kiedy odwiedzasz nasze Us\u0142ugi i&nbsp;z&nbsp;nich korzystasz, analizowanie trend\u00f3w, poznanie bazy u\u017cytkownik\u00f3w oraz obs\u0142ug\u0119 i ulepszanie naszych Us\u0142ug. Pliki cookie to ma\u0142e fragmenty danych \u2013 zazwyczaj pliki tekstowe \u2013 umieszczane na komputerze, tablecie, telefonie lub podobnym urz\u0105dzeniu, gdy korzystasz z niego, by uzyskiwa\u0107 dost\u0119p do naszych Us\u0142ug. Jeden z dostawc\u00f3w, z kt\u00f3rymi wsp\u00f3\u0142pracujemy (tj. Baremetrics \u2013 nasza platforma analityki przychod\u00f3w), automatycznie wykorzystuje publiczne profile spo\u0142eczno\u015bciowe, je\u015bli s\u0105 one dost\u0119pne. Gdy to odkryli\u015bmy, zrezygnowali\u015bmy z&nbsp;tej funkcjonalno\u015bci. Prosz\u0119 pami\u0119ta\u0107, \u017ce obecnie ze wzgl\u0119du na stosowanie przez nas plik\u00f3w cookie Us\u0142ugi nie obs\u0142uguj\u0105 wysy\u0142anych z&nbsp;przegl\u0105darki \u017c\u0105da\u0144 \u201eNie \u015bled\u017a\u201d.<\/p>\n\n\n\n<p class=\"\">Stosujemy nast\u0119puj\u0105ce rodzaje plik\u00f3w cookie:<\/p>\n\n\n\n<ul class=\"wp-block-list\"><li><strong>\u015aci\u015ble niezb\u0119dne pliki cookie.<\/strong> \u015aci\u015ble niezb\u0119dne pliki cookie s\u0105 konieczne do zapewnienia u\u017cytkownikowi \u017c\u0105danych funkcji lub us\u0142ug. Na przyk\u0142ad niekt\u00f3re pliki cookie umo\u017cliwiaj\u0105 zalogowanie si\u0119 do bezpiecznych obszar\u00f3w naszych Us\u0142ug. Ich wy\u0142\u0105czenie mo\u017ce uniemo\u017cliwi\u0107 korzystanie z&nbsp;pewnych funkcji i&nbsp;us\u0142ug.<\/li><li><strong>Funkcjonalne pliki cookie.<\/strong> Funkcjonalne pliki cookie s\u0142u\u017c\u0105 do rejestrowania wybor\u00f3w i&nbsp;ustawie\u0144 dotycz\u0105cych naszych Us\u0142ug, utrzymywania preferencji z&nbsp;biegiem czasu i&nbsp;rozpoznawanie u\u017cytkownika, gdy wraca do naszych Us\u0142ug. Pliki te pomagaj\u0105 nam spersonalizowa\u0107 dla Ciebie nasze tre\u015bci, przywita\u0107 Ci\u0119 po imieniu i&nbsp;zapami\u0119ta\u0107 Twoje preferencje (na przyk\u0142ad wyb\u00f3r j\u0119zyka lub regionu).<\/li><li><strong>Pliki cookie dotycz\u0105ce wydajno\u015bci.<\/strong> Pliki cookie dotycz\u0105ce wydajno\u015bci pozwalaj\u0105 nam ocenia\u0107 i&nbsp;poprawia\u0107 wydajno\u015b\u0107 naszych Us\u0142ug. Robi\u0105 to poprzez zbieranie informacji o&nbsp;liczbie odwiedzaj\u0105cych Us\u0142ugi, stronach kt\u00f3re przegl\u0105daj\u0105, \u0142\u0105czach w&nbsp;naszych Us\u0142ugach, z kt\u00f3rymi wchodz\u0105 w&nbsp;interakcje, jak d\u0142ugo odwiedzaj\u0105cy przegl\u0105daj\u0105 strony w&nbsp;Us\u0142ugach oraz czy wchodzili oni w&nbsp;interakcje z&nbsp;okre\u015blonymi komunikatami.<\/li><li><strong>Pliki cookie do targetowania.<\/strong> Pliki cookie do targetowania pomagaj\u0105 nam przekazywa\u0107 tre\u015bci marketingowe, kt\u00f3re naszym zdaniem b\u0119d\u0105 dla Ciebie przydatne. Nie wykorzystujemy ani nie ujawniamy Danych osobowych \u017cadnych u\u017cytkownik\u00f3w, co do kt\u00f3rych wiemy, \u017ce s\u0105 dzie\u0107mi poni\u017cej wieku zgody, w&nbsp;celu behawioralnego targetowania reklam.<\/li><\/ul>\n\n\n\n<p class=\"\">Mo\u017cesz zdecydowa\u0107, czy zaakceptowa\u0107 pliki cookie, i&nbsp;zaznaczy\u0107 to w&nbsp;ustawieniach przegl\u0105darki internetowej. Wi\u0119kszo\u015b\u0107 przegl\u0105darek ma opcj\u0119 wy\u0142\u0105czenia funkcji plik\u00f3w cookie, co uniemo\u017cliwi przegl\u0105darce akceptowanie nowych plik\u00f3w cookie, a&nbsp;tak\u017ce (w&nbsp;zale\u017cno\u015bci od tego, jak wyrafinowane jest oprogramowanie przegl\u0105darki) pozwoli u\u017cytkownikowi na decydowanie o&nbsp;przyj\u0119ciu ka\u017cdego nowego pliku cookie na r\u00f3\u017cne sposoby. Mo\u017cna r\u00f3wnie\u017c usun\u0105\u0107 wszystkie pliki cookie, kt\u00f3re s\u0105 ju\u017c na urz\u0105dzeniu. W&nbsp;takiej sytuacji mo\u017ce by\u0107 konieczne r\u0119czne dostosowywanie niekt\u00f3rych preferencji za ka\u017cdym razem przy odwiedzinach w&nbsp;naszej witrynie internetowej, a&nbsp;niekt\u00f3re Us\u0142ugi i&nbsp;funkcjonalno\u015bci mog\u0105 nie dzia\u0142a\u0107.&nbsp;<\/p>\n\n\n\n<p class=\"\">Aby zbada\u0107, jakie ustawienia plik\u00f3w cookie s\u0105 dla Ciebie dost\u0119pne, zajrzyj do sekcji \u201epreferencje\u201d lub \u201eopcje\u201d w&nbsp;menu przegl\u0105darki. Wi\u0119cej informacji o&nbsp;plikach cookie, w&nbsp;tym o&nbsp;sposobie zarz\u0105dzania plikami cookie i&nbsp;ich usuwania, mo\u017cna znale\u017a\u0107 pod adresem <a href=\"http:\/\/www.allaboutcookies.org\/\">http:\/\/www.allaboutcookies.org\/<\/a> lub <a href=\"https:\/\/ico.org.uk\/for-the-public\/online\/cookies\/\">https:\/\/ico.org.uk\/for-the-public\/online\/cookies\/<\/a>, je\u015bli znajdujesz si\u0119 w&nbsp;Unii Europejskiej.<\/p>\n\n\n\n<p class=\"\">Mo\u017cesz r\u00f3wnie\u017c zrezygnowa\u0107 z&nbsp;niekt\u00f3rych plik\u00f3w cookie przy u\u017cyciu <a href=\"#cookie-manager\">Mened\u017cera plik\u00f3w cookie<\/a> w&nbsp;naszej witrynie, a&nbsp;tak\u017ce zmieni\u0107 ustawienia na swoim urz\u0105dzeniu mobilnym, aby ograniczy\u0107 \u015bledzenie za po\u015brednictwem Aplikacji.&nbsp;<\/p>\n\n\n\n<p class=\"\"><\/p>\n\n\n\n<p class=\"m-3\"><\/p>\n","protected":false},"excerpt":{"rendered":"<p>Niniejsza Polityka plik\u00f3w cookie stanowi cz\u0119\u015b\u0107 naszej Polityki prywatno\u015bci, kt\u00f3ra z&nbsp;kolei jest cz\u0119\u015bci\u0105 Warunk\u00f3w u\u017cytkowania. Wszelkie terminy, kt\u00f3rych u\u017cywamy w niniejszej Polityce plik\u00f3w cookie bez podania ich definicji, zdefiniowano w Warunkach u\u017cytkowania lub Polityce prywatno\u015bci. W&nbsp;razie pyta\u0144 dotycz\u0105cych niniejszej Polityki plik\u00f3w cookie kontaktuj si\u0119 z nami pod adresem support@hallow.com. W&nbsp;naszych Us\u0142ugach stosowane s\u0105 pliki cookie &hellip; <a href=\"https:\/\/hallow.com\/pl\/polityka-plikow-cookie\/\">Continued<\/a><\/p>\n","protected":false},"author":1,"featured_media":0,"parent":0,"menu_order":0,"comment_status":"closed","ping_status":"closed","template":"","meta":{"_acf_changed":false,"_et_pb_use_builder":"","_et_pb_old_content":"","_et_gb_content_width":"","inline_featured_image":false,"footnotes":""},"class_list":["post-26701","page","type-page","status-publish","hentry"],"acf":[],"yoast_head":"<!-- This site is optimized with the Yoast SEO Premium plugin v24.3 (Yoast SEO v25.6) - https:\/\/yoast.com\/wordpress\/plugins\/seo\/ -->\n<title>Polityka plik\u00f3w cookie &#8211; Hallow<\/title>\n<meta name=\"robots\" content=\"index, follow, max-snippet:-1, max-image-preview:large, max-video-preview:-1\" \/>\n<link rel=\"canonical\" href=\"https:\/\/hallow.com\/pl\/polityka-plikow-cookie\/\" \/>\n<meta property=\"og:locale\" content=\"pl_PL\" \/>\n<meta property=\"og:type\" content=\"article\" \/>\n<meta property=\"og:title\" content=\"Polityka plik\u00f3w cookie\" \/>\n<meta property=\"og:description\" content=\"Niniejsza Polityka plik\u00f3w cookie stanowi cz\u0119\u015b\u0107 naszej Polityki prywatno\u015bci, kt\u00f3ra z&nbsp;kolei jest cz\u0119\u015bci\u0105 Warunk\u00f3w u\u017cytkowania. Wszelkie terminy, kt\u00f3rych u\u017cywamy w niniejszej Polityce plik\u00f3w cookie bez podania ich definicji, zdefiniowano w Warunkach u\u017cytkowania lub Polityce prywatno\u015bci. W&nbsp;razie pyta\u0144 dotycz\u0105cych niniejszej Polityki plik\u00f3w cookie kontaktuj si\u0119 z nami pod adresem support@hallow.com. W&nbsp;naszych Us\u0142ugach stosowane s\u0105 pliki cookie &hellip; Continued\" \/>\n<meta property=\"og:url\" content=\"https:\/\/hallow.com\/pl\/polityka-plikow-cookie\/\" \/>\n<meta property=\"og:site_name\" content=\"Hallow\" \/>\n<meta property=\"article:publisher\" content=\"https:\/\/facebook.com\/hallowapp\" \/>\n<meta property=\"article:modified_time\" content=\"2022-09-05T15:10:16+00:00\" \/>\n<meta property=\"og:image\" content=\"https:\/\/hallow.com\/wp-content\/uploads\/2022\/04\/Branch.png\" \/>\n\t<meta property=\"og:image:width\" content=\"1080\" \/>\n\t<meta property=\"og:image:height\" content=\"1080\" \/>\n\t<meta property=\"og:image:type\" content=\"image\/png\" \/>\n<meta name=\"twitter:card\" content=\"summary_large_image\" \/>\n<meta name=\"twitter:site\" content=\"@hallowapp\" \/>\n<script type=\"application\/ld+json\" class=\"yoast-schema-graph\">{\"@context\":\"https:\/\/schema.org\",\"@graph\":[{\"@type\":\"WebPage\",\"@id\":\"https:\/\/hallow.com\/pl\/polityka-plikow-cookie\/\",\"url\":\"https:\/\/hallow.com\/pl\/polityka-plikow-cookie\/\",\"name\":\"Polityka plik\u00f3w cookie &#8211; Hallow\",\"isPartOf\":{\"@id\":\"https:\/\/hallow.com\/pl\/#website\"},\"datePublished\":\"2022-02-10T04:19:31+00:00\",\"dateModified\":\"2022-09-05T15:10:16+00:00\",\"breadcrumb\":{\"@id\":\"https:\/\/hallow.com\/pl\/polityka-plikow-cookie\/#breadcrumb\"},\"inLanguage\":\"pl-PL\",\"potentialAction\":[{\"@type\":\"ReadAction\",\"target\":[\"https:\/\/hallow.com\/pl\/polityka-plikow-cookie\/\"]}]},{\"@type\":\"BreadcrumbList\",\"@id\":\"https:\/\/hallow.com\/pl\/polityka-plikow-cookie\/#breadcrumb\",\"itemListElement\":[{\"@type\":\"ListItem\",\"position\":1,\"name\":\"Home\",\"item\":\"https:\/\/hallow.com\/pl\/\"},{\"@type\":\"ListItem\",\"position\":2,\"name\":\"Polityka plik\u00f3w cookie\"}]},{\"@type\":\"WebSite\",\"@id\":\"https:\/\/hallow.com\/pl\/#website\",\"url\":\"https:\/\/hallow.com\/pl\/\",\"name\":\"Hallow\",\"description\":\"Catholic Prayer and Meditation App\",\"publisher\":{\"@id\":\"https:\/\/hallow.com\/pl\/#organization\"},\"potentialAction\":[{\"@type\":\"SearchAction\",\"target\":{\"@type\":\"EntryPoint\",\"urlTemplate\":\"https:\/\/hallow.com\/pl\/?s={search_term_string}\"},\"query-input\":{\"@type\":\"PropertyValueSpecification\",\"valueRequired\":true,\"valueName\":\"search_term_string\"}}],\"inLanguage\":\"pl-PL\"},{\"@type\":\"Organization\",\"@id\":\"https:\/\/hallow.com\/pl\/#organization\",\"name\":\"Hallow\",\"url\":\"https:\/\/hallow.com\/pl\/\",\"logo\":{\"@type\":\"ImageObject\",\"inLanguage\":\"pl-PL\",\"@id\":\"https:\/\/hallow.com\/pl\/#\/schema\/logo\/image\/\",\"url\":\"https:\/\/hallow.com\/wp-content\/uploads\/2019\/04\/Purple-Logo.png\",\"contentUrl\":\"https:\/\/hallow.com\/wp-content\/uploads\/2019\/04\/Purple-Logo.png\",\"width\":1470,\"height\":292,\"caption\":\"Hallow\"},\"image\":{\"@id\":\"https:\/\/hallow.com\/pl\/#\/schema\/logo\/image\/\"},\"sameAs\":[\"https:\/\/facebook.com\/hallowapp\",\"https:\/\/x.com\/hallowapp\",\"https:\/\/instagram.com\/hallowapp\"]}]}<\/script>\n<!-- \/ Yoast SEO Premium plugin. -->","yoast_head_json":{"title":"Polityka plik\u00f3w cookie &#8211; Hallow","robots":{"index":"index","follow":"follow","max-snippet":"max-snippet:-1","max-image-preview":"max-image-preview:large","max-video-preview":"max-video-preview:-1"},"canonical":"https:\/\/hallow.com\/pl\/polityka-plikow-cookie\/","og_locale":"pl_PL","og_type":"article","og_title":"Polityka plik\u00f3w cookie","og_description":"Niniejsza Polityka plik\u00f3w cookie stanowi cz\u0119\u015b\u0107 naszej Polityki prywatno\u015bci, kt\u00f3ra z&nbsp;kolei jest cz\u0119\u015bci\u0105 Warunk\u00f3w u\u017cytkowania. Wszelkie terminy, kt\u00f3rych u\u017cywamy w niniejszej Polityce plik\u00f3w cookie bez podania ich definicji, zdefiniowano w Warunkach u\u017cytkowania lub Polityce prywatno\u015bci. W&nbsp;razie pyta\u0144 dotycz\u0105cych niniejszej Polityki plik\u00f3w cookie kontaktuj si\u0119 z nami pod adresem support@hallow.com. W&nbsp;naszych Us\u0142ugach stosowane s\u0105 pliki cookie &hellip; Continued","og_url":"https:\/\/hallow.com\/pl\/polityka-plikow-cookie\/","og_site_name":"Hallow","article_publisher":"https:\/\/facebook.com\/hallowapp","article_modified_time":"2022-09-05T15:10:16+00:00","og_image":[{"width":1080,"height":1080,"url":"https:\/\/hallow.com\/wp-content\/uploads\/2022\/04\/Branch.png","type":"image\/png"}],"twitter_card":"summary_large_image","twitter_site":"@hallowapp","schema":{"@context":"https:\/\/schema.org","@graph":[{"@type":"WebPage","@id":"https:\/\/hallow.com\/pl\/polityka-plikow-cookie\/","url":"https:\/\/hallow.com\/pl\/polityka-plikow-cookie\/","name":"Polityka plik\u00f3w cookie &#8211; Hallow","isPartOf":{"@id":"https:\/\/hallow.com\/pl\/#website"},"datePublished":"2022-02-10T04:19:31+00:00","dateModified":"2022-09-05T15:10:16+00:00","breadcrumb":{"@id":"https:\/\/hallow.com\/pl\/polityka-plikow-cookie\/#breadcrumb"},"inLanguage":"pl-PL","potentialAction":[{"@type":"ReadAction","target":["https:\/\/hallow.com\/pl\/polityka-plikow-cookie\/"]}]},{"@type":"BreadcrumbList","@id":"https:\/\/hallow.com\/pl\/polityka-plikow-cookie\/#breadcrumb","itemListElement":[{"@type":"ListItem","position":1,"name":"Home","item":"https:\/\/hallow.com\/pl\/"},{"@type":"ListItem","position":2,"name":"Polityka plik\u00f3w cookie"}]},{"@type":"WebSite","@id":"https:\/\/hallow.com\/pl\/#website","url":"https:\/\/hallow.com\/pl\/","name":"Hallow","description":"Catholic Prayer and Meditation App","publisher":{"@id":"https:\/\/hallow.com\/pl\/#organization"},"potentialAction":[{"@type":"SearchAction","target":{"@type":"EntryPoint","urlTemplate":"https:\/\/hallow.com\/pl\/?s={search_term_string}"},"query-input":{"@type":"PropertyValueSpecification","valueRequired":true,"valueName":"search_term_string"}}],"inLanguage":"pl-PL"},{"@type":"Organization","@id":"https:\/\/hallow.com\/pl\/#organization","name":"Hallow","url":"https:\/\/hallow.com\/pl\/","logo":{"@type":"ImageObject","inLanguage":"pl-PL","@id":"https:\/\/hallow.com\/pl\/#\/schema\/logo\/image\/","url":"https:\/\/hallow.com\/wp-content\/uploads\/2019\/04\/Purple-Logo.png","contentUrl":"https:\/\/hallow.com\/wp-content\/uploads\/2019\/04\/Purple-Logo.png","width":1470,"height":292,"caption":"Hallow"},"image":{"@id":"https:\/\/hallow.com\/pl\/#\/schema\/logo\/image\/"},"sameAs":["https:\/\/facebook.com\/hallowapp","https:\/\/x.com\/hallowapp","https:\/\/instagram.com\/hallowapp"]}]}},"_links":{"self":[{"href":"https:\/\/hallow.com\/pl\/wp-json\/wp\/v2\/pages\/26701"}],"collection":[{"href":"https:\/\/hallow.com\/pl\/wp-json\/wp\/v2\/pages"}],"about":[{"href":"https:\/\/hallow.com\/pl\/wp-json\/wp\/v2\/types\/page"}],"author":[{"embeddable":true,"href":"https:\/\/hallow.com\/pl\/wp-json\/wp\/v2\/users\/1"}],"replies":[{"embeddable":true,"href":"https:\/\/hallow.com\/pl\/wp-json\/wp\/v2\/comments?post=26701"}],"version-history":[{"count":2,"href":"https:\/\/hallow.com\/pl\/wp-json\/wp\/v2\/pages\/26701\/revisions"}],"predecessor-version":[{"id":26716,"href":"https:\/\/hallow.com\/pl\/wp-json\/wp\/v2\/pages\/26701\/revisions\/26716"}],"wp:attachment":[{"href":"https:\/\/hallow.com\/pl\/wp-json\/wp\/v2\/media?parent=26701"}],"curies":[{"name":"wp","href":"https:\/\/api.w.org\/{rel}","templated":true}]}}