{"id":28279,"date":"2022-11-07T22:55:43","date_gmt":"2022-11-07T22:55:43","guid":{"rendered":"https:\/\/hallow.com\/?page_id=28279"},"modified":"2022-11-08T17:53:01","modified_gmt":"2022-11-08T17:53:01","slug":"rafael","status":"publish","type":"page","link":"https:\/\/hallow.com\/pl\/rafael\/","title":{"rendered":"Znajd\u017a Bo\u017cy pok\u00f3j przez modlitw\u0119"},"content":{"rendered":"\n<h3 class=\"mt-8 has-text-align-center wp-block-heading\">Znajd\u017a pok\u00f3j. Znajd\u017a Boga.<\/h3>\n\n\n\n<div class=\"wp-block-cover is-light landing-features-illustration\"><span aria-hidden=\"true\" class=\"wp-block-cover__background has-background-dim-0 has-background-dim\"><\/span><img decoding=\"async\" width=\"2204\" height=\"570\" class=\"wp-block-cover__image-background wp-image-3920 lazyload\" alt=\"\" data-src=\"https:\/\/hallow.com\/wp-content\/uploads\/2020\/09\/features_covers-1.svg\" data-object-fit=\"cover\" src=\"data:image\/svg+xml;base64,PHN2ZyB3aWR0aD0iMSIgaGVpZ2h0PSIxIiB4bWxucz0iaHR0cDovL3d3dy53My5vcmcvMjAwMC9zdmciPjwvc3ZnPg==\" style=\"--smush-placeholder-width: 2204px; --smush-placeholder-aspect-ratio: 2204\/570;\" \/><div class=\"wp-block-cover__inner-container is-layout-flow wp-block-cover-is-layout-flow\">\n<p class=\"has-text-align-center has-large-font-size\"><\/p>\n<\/div><\/div>\n\n\n\n<div class=\"wp-block-columns is-layout-flex wp-container-core-columns-is-layout-1 wp-block-columns-is-layout-flex\">\n<div class=\"wp-block-column is-layout-flow wp-block-column-is-layout-flow\">\n<h3 class=\"wp-block-heading\">Codzienna Koronka i R\u00f3\u017caniec<\/h3>\n\n\n\n<p class=\"\">Wybieraj spo\u015br\u00f3d setek medytacji aktualizowanych ka\u017cdego dnia, od medytacji minutowych a\u017c po godziny \u015bwi\u0119te.<\/p>\n<\/div>\n\n\n\n<div class=\"wp-block-column is-layout-flow wp-block-column-is-layout-flow\">\n<h3 class=\"wp-block-heading\">Nowenny i Litanie<\/h3>\n\n\n\n<p class=\"\">Odkryj swoj\u0105 wiar\u0119 na nowo dzi\u0119ki  nowennom i litaniom, wyzwaniom pomagaj\u0105cym wzrasta\u0107 w pokorze i pokoju, modlitwom \u015awi\u0119tych i wielu innym!<\/p>\n<\/div>\n\n\n\n<div class=\"wp-block-column is-layout-flow wp-block-column-is-layout-flow\">\n<h3 class=\"wp-block-heading\">Historie biblijne do snu<\/h3>\n\n\n\n<p class=\"\">Zako\u0144cz sw\u00f3j dzie\u0144 z Chrystusem dzi\u0119ki wieczornemu rachunkowi sumienia, koronce lub ulubionej historii biblijnej!<\/p>\n<\/div>\n<\/div>\n\n\n\n<div class=\"wp-block-buttons is-horizontal is-content-justification-center is-layout-flex wp-container-core-buttons-is-layout-1 wp-block-buttons-is-layout-flex\">\n<div class=\"wp-block-button onelink\"><a class=\"wp-block-button__link has-white-color has-black-background-color has-text-color has-background\" href=\"https:\/\/hallow.com\/portal\/#\/launch?referrer=RAFAEL\">Wypr\u00f3buj Hallow za darmo<\/a><\/div>\n<\/div>\n\n\n\n<div style=\"height:10px\" aria-hidden=\"true\" class=\"wp-block-spacer\"><\/div>\n\n\n<div class=\"testimonial testimonial-large\" data-block_f0eb9aa869abc3e6170c7ae5ac1ca5c5>\r\n    <div class=\"testimonial-image\">\r\n        <img decoding=\"async\" data-src=\"https:\/\/hallow.com\/wp-content\/uploads\/2022\/11\/barron-polish.jpeg\" alt=\"Biskup Barron\" src=\"data:image\/svg+xml;base64,PHN2ZyB3aWR0aD0iMSIgaGVpZ2h0PSIxIiB4bWxucz0iaHR0cDovL3d3dy53My5vcmcvMjAwMC9zdmciPjwvc3ZnPg==\" class=\"lazyload\" style=\"--smush-placeholder-width: 800px; --smush-placeholder-aspect-ratio: 800\/800;\" \/>\r\n    <\/div>\r\n    <blockquote class=\"testimonial-content\">\r\n        <p>&quot;Hallow to pot\u0119\u017cne \u017ar\u00f3d\u0142o dla chrze\u015bcijan na ca\u0142ym \u015bwiecie, kt\u00f3rzy chc\u0105 pog\u0142\u0119bi\u0107 swoj\u0105 relacj\u0119 z Bogiem. Mo\u017cesz medytowa\u0107 z codziennymi czytaniami z Ewangelii, r\u00f3\u017ca\u0144cem, ignacja\u0144skim rachunkiem sumienia, chora\u0142em gregoria\u0144skim i nie tylko. Bardzo si\u0119 ciesz\u0119, \u017ce mog\u0119 wsp\u00f3\u0142pracowa\u0107 z Hallow, by dzieli\u0107 si\u0119 tre\u015bciami Word on Fire i wzmacnia\u0107 Twoje \u017cycie modlitewne.&quot;<\/p>\r\n        <cite>\r\n            <div class=\"attribution\">\r\n                <span class=\"testimonial-name\">Biskup Robert Barron<\/span>\r\n                <span class=\"testimonial-title\">(Za\u0142o\u017cyciel Word on Fire)<\/span>\r\n            <\/div>\r\n        <\/cite>\r\n    <\/blockquote>\r\n<\/div>\r\n\r\n<style type=\"text\/css\">\r\n    \/*#region large*\/\r\n    [data-block_f0eb9aa869abc3e6170c7ae5ac1ca5c5].testimonial {\r\n        font-family: 'Radial', sans-serif;\r\n        font-weight: 200;\r\n        font-size: 24px;\r\n        line-height: 30px;\r\n        display: grid;\r\n        grid-template-columns: 50% 50%;\r\n    }\r\n\r\n    [data-block_f0eb9aa869abc3e6170c7ae5ac1ca5c5] .testimonial-image {\r\n        background: #C49EE7;\r\n        display: flex;\r\n        justify-content: center;\r\n        align-items: center;\r\n    }\r\n\r\n    [data-block_f0eb9aa869abc3e6170c7ae5ac1ca5c5] .testimonial-image img {\r\n        width: 360px;\r\n        height: 500px;\r\n        object-fit: cover;\r\n    }\r\n\r\n    [data-block_f0eb9aa869abc3e6170c7ae5ac1ca5c5] .testimonial-content {\r\n        background: #0A0450;\r\n        color: #FFF;\r\n        display: flex;\r\n        flex-direction: column;\r\n        justify-content: center;\r\n        align-items: center;\r\n        text-align: left;\r\n        margin: 0;\r\n        font-weight: bold;\r\n    }\r\n\r\n    [data-block_f0eb9aa869abc3e6170c7ae5ac1ca5c5] .testimonial-content cite {\r\n        font-size: 18px;\r\n        font-style: normal;\r\n        font-weight: 400;\r\n    }\r\n\r\n    .block-editor [data-block_f0eb9aa869abc3e6170c7ae5ac1ca5c5] .testimonial-content {\r\n        padding: 20px;\r\n    }\r\n    \/*#endregion*\/\r\n    \/*#region small*\/\r\n    [data-block_f0eb9aa869abc3e6170c7ae5ac1ca5c5].testimonial.testimonial-small {\r\n        grid-template-columns: 20% 80%;\r\n        padding: 40px;\r\n        max-width: 700px;\r\n        width: calc(100% - 40px);\r\n        margin: 10px auto;\r\n        background-color: #F6F5F8;\r\n        min-height: unset;\r\n    }\r\n    @media  only screen and (max-width: 700px) {\r\n        [data-block_f0eb9aa869abc3e6170c7ae5ac1ca5c5].testimonial-small {\r\n            display: flex;\r\n            flex-direction: column;\r\n            padding: 20px;\r\n        }\r\n    }\r\n\r\n    [data-block_f0eb9aa869abc3e6170c7ae5ac1ca5c5].testimonial-small .testimonial-image {\r\n        width: 100px;\r\n        height: 100px;\r\n        border-radius: 50px;\r\n        overflow: hidden;\r\n        margin: auto 0;\r\n        background-color: transparent;\r\n        display: block;\r\n    }\r\n    @media  only screen and (max-width: 700px) {\r\n        [data-block_f0eb9aa869abc3e6170c7ae5ac1ca5c5].testimonial-small .testimonial-image {\r\n            margin: auto 0 20px;\r\n            padding: 0;\r\n        }\r\n    }\r\n\r\n    [data-block_f0eb9aa869abc3e6170c7ae5ac1ca5c5].testimonial-small .testimonial-image img {\r\n        width: 100% !important;\r\n        height: 100% !important;\r\n        object-position: center;\r\n        filter: grayscale(100%);\r\n        -webkit-mask-image: none;\r\n        mask-image: none;\r\n    }\r\n\r\n    [data-block_f0eb9aa869abc3e6170c7ae5ac1ca5c5].testimonial-small .testimonial-content {\r\n        background-color: transparent;\r\n        color: black;\r\n        flex-direction: column-reverse;\r\n        font-weight: 400;\r\n        font-family: \"Neue Montreal\", sans-serif;\r\n        font-size: 18px;\r\n        line-height: 21.6px;\r\n        padding: 0;\r\n     }\r\n\r\n    [data-block_f0eb9aa869abc3e6170c7ae5ac1ca5c5].testimonial-small .testimonial-content cite {\r\n        font-style: normal;\r\n        font-size: inherit;\r\n        font-weight: inherit;\r\n        margin-top: unset;\r\n        width: 100%;\r\n    }\r\n\r\n    [data-block_f0eb9aa869abc3e6170c7ae5ac1ca5c5].testimonial-small .testimonial-content cite span {\r\n        display: block;\r\n    }\r\n\r\n    [data-block_f0eb9aa869abc3e6170c7ae5ac1ca5c5].testimonial-small .testimonial-content p {\r\n        margin-bottom: 0;\r\n    }\r\n    @media  only screen and (max-width: 700px) {\r\n        [data-block_f0eb9aa869abc3e6170c7ae5ac1ca5c5].testimonial-small .testimonial-content p {\r\n            font-size: 16px;\r\n            line-height: 19.2px;\r\n        }\r\n    }\r\n\r\n    [data-block_f0eb9aa869abc3e6170c7ae5ac1ca5c5].testimonial-small .testimonial-name {\r\n        font-size: 24px;\r\n        font-weight: 700;\r\n        line-height: 28.8px;\r\n    }\r\n    @media  only screen and (max-width: 700px) {\r\n        [data-block_f0eb9aa869abc3e6170c7ae5ac1ca5c5].testimonial-small .testimonial-name {\r\n            font-size: 18px;\r\n            line-height: 21.6px;\r\n        }\r\n    }\r\n\r\n    [data-block_f0eb9aa869abc3e6170c7ae5ac1ca5c5].testimonial-small .testimonial-title {\r\n        text-transform: uppercase;\r\n        font-family: \"Neue Montreal\", sans-serif;\r\n        font-size: 14px;\r\n        line-height: 16.8px;\r\n        color: #7a757e;\r\n    }\r\n    @media  only screen and (max-width: 700px) {\r\n        [data-block_f0eb9aa869abc3e6170c7ae5ac1ca5c5].testimonial-small .testimonial-title {\r\n            font-size: 13px;\r\n            line-height: 15.6px;\r\n        }\r\n    }\r\n    \/*#endregion*\/\r\n<\/style>\r\n\n\n<section class=\"cloud-block\" data-block_5d744424f85dceca059f02331b998e04>\n    <div class=\"cloud-block__inner\">\n                                <figure>\n                <img decoding=\"async\" data-src=\"https:\/\/hallow.com\/wp-content\/uploads\/2020\/09\/our-sunday-visitor.svg\" \n                    alt=\"\" src=\"data:image\/svg+xml;base64,PHN2ZyB3aWR0aD0iMSIgaGVpZ2h0PSIxIiB4bWxucz0iaHR0cDovL3d3dy53My5vcmcvMjAwMC9zdmciPjwvc3ZnPg==\" class=\"lazyload\" \/>\n            <\/figure>\n                        <figure>\n                <img decoding=\"async\" data-src=\"https:\/\/hallow.com\/wp-content\/uploads\/2020\/09\/aleteia.svg\" \n                    alt=\"\" src=\"data:image\/svg+xml;base64,PHN2ZyB3aWR0aD0iMSIgaGVpZ2h0PSIxIiB4bWxucz0iaHR0cDovL3d3dy53My5vcmcvMjAwMC9zdmciPjwvc3ZnPg==\" class=\"lazyload\" \/>\n            <\/figure>\n                        <figure>\n                <img decoding=\"async\" data-src=\"https:\/\/hallow.com\/wp-content\/uploads\/2020\/09\/nationa-catholic-register-500x170.png\" \n                    alt=\"\" src=\"data:image\/svg+xml;base64,PHN2ZyB3aWR0aD0iMSIgaGVpZ2h0PSIxIiB4bWxucz0iaHR0cDovL3d3dy53My5vcmcvMjAwMC9zdmciPjwvc3ZnPg==\" class=\"lazyload\" style=\"--smush-placeholder-width: 500px; --smush-placeholder-aspect-ratio: 500\/170;\" \/>\n            <\/figure>\n                        <figure>\n                <img decoding=\"async\" data-src=\"https:\/\/hallow.com\/wp-content\/uploads\/2020\/09\/ewtn-1.svg\" \n                    alt=\"\" src=\"data:image\/svg+xml;base64,PHN2ZyB3aWR0aD0iMSIgaGVpZ2h0PSIxIiB4bWxucz0iaHR0cDovL3d3dy53My5vcmcvMjAwMC9zdmciPjwvc3ZnPg==\" class=\"lazyload\" \/>\n            <\/figure>\n                        <figure>\n                <img decoding=\"async\" data-src=\"https:\/\/hallow.com\/wp-content\/uploads\/2020\/09\/catholic-news-service.png\" \n                    alt=\"\" src=\"data:image\/svg+xml;base64,PHN2ZyB3aWR0aD0iMSIgaGVpZ2h0PSIxIiB4bWxucz0iaHR0cDovL3d3dy53My5vcmcvMjAwMC9zdmciPjwvc3ZnPg==\" class=\"lazyload\" style=\"--smush-placeholder-width: 300px; --smush-placeholder-aspect-ratio: 300\/160;\" \/>\n            <\/figure>\n                        <figure>\n                <img decoding=\"async\" data-src=\"https:\/\/hallow.com\/wp-content\/uploads\/2020\/09\/catholic-tv.svg\" \n                    alt=\"\" src=\"data:image\/svg+xml;base64,PHN2ZyB3aWR0aD0iMSIgaGVpZ2h0PSIxIiB4bWxucz0iaHR0cDovL3d3dy53My5vcmcvMjAwMC9zdmciPjwvc3ZnPg==\" class=\"lazyload\" \/>\n            <\/figure>\n                        <\/div>\n<\/section>\n\n<style type=\"text\/css\">\n    [data-block_5d744424f85dceca059f02331b998e04] .cloud-block__inner {\n        display: grid;\n        grid-auto-columns: minmax(calc(16.66% - 60px), auto);\n        grid-auto-flow: column;\n        justify-content: center;\n        align-items: center;\n    }\n\n    [data-block_5d744424f85dceca059f02331b998e04] .cloud-block__inner figure {\n        margin: 0;\n    }\n\n    [data-block_5d744424f85dceca059f02331b998e04] .cloud-block__inner img {\n        width: 100%;\n        min-width: 100%;\n        max-height: 80px;\n    }\n<\/style>\n\n\n\n<div class=\"wp-block-buttons is-horizontal is-content-justification-center is-layout-flex wp-container-core-buttons-is-layout-2 wp-block-buttons-is-layout-flex\">\n<div class=\"wp-block-button\"><a class=\"wp-block-button__link\" href=\"https:\/\/hallow.com\/portal\/#\/launch?referrer=RAFAEL\">Wypr\u00f3buj Hallow za darmo<\/a><\/div>\n<\/div>\n\n\n\n<div class=\"wp-block-media-text alignwide is-stacked-on-mobile is-image-fill\"><figure class=\"wp-block-media-text__media lazyload\" style=\"background-image:inherit;background-position:50% 50%\" data-bg-image=\"url(https:\/\/hallow.com\/wp-content\/uploads\/2020\/09\/share_herald.svg)\"><img decoding=\"async\" width=\"660\" height=\"461\" data-src=\"https:\/\/hallow.com\/wp-content\/uploads\/2020\/09\/share_herald.svg\" alt=\"Share Herald Illustration\" class=\"wp-image-3745 size-full lazyload\" src=\"data:image\/svg+xml;base64,PHN2ZyB3aWR0aD0iMSIgaGVpZ2h0PSIxIiB4bWxucz0iaHR0cDovL3d3dy53My5vcmcvMjAwMC9zdmciPjwvc3ZnPg==\" style=\"--smush-placeholder-width: 660px; --smush-placeholder-aspect-ratio: 660\/461;\" \/><\/figure><div class=\"wp-block-media-text__content\">\n<h3 class=\"wp-block-heading\">Co m\u00f3wi\u0105 inni<\/h3>\n\n\n\n<p class=\"\">&#8222;Ta aplikacja sprawi\u0142a, \u017ce modli\u0142em si\u0119 ka\u017cdego dnia, kiedy nic innego mi nie wychodzi\u0142o. Jest warta swojej ceny. Jest stale aktualizowana o nowe modlitwy i czytania z Ewangelii. Je\u015bli nie jeste\u015b pewien, spr\u00f3buj i przekonaj si\u0119 sam. My\u015bl\u0119, \u017ce nie b\u0119dziesz zawiedziony&#8221;.<\/p>\n<\/div><\/div>\n\n\n\n<div class=\"wp-block-media-text alignwide has-media-on-the-right is-stacked-on-mobile is-image-fill\"><figure class=\"wp-block-media-text__media lazyload\" style=\"background-image:inherit;background-position:50% 50%\" data-bg-image=\"url(https:\/\/hallow.com\/wp-content\/uploads\/2020\/09\/share_family.svg)\"><img decoding=\"async\" width=\"660\" height=\"461\" data-src=\"https:\/\/hallow.com\/wp-content\/uploads\/2020\/09\/share_family.svg\" alt=\"Share Family Illustration\" class=\"wp-image-3746 size-full lazyload\" src=\"data:image\/svg+xml;base64,PHN2ZyB3aWR0aD0iMSIgaGVpZ2h0PSIxIiB4bWxucz0iaHR0cDovL3d3dy53My5vcmcvMjAwMC9zdmciPjwvc3ZnPg==\" style=\"--smush-placeholder-width: 660px; --smush-placeholder-aspect-ratio: 660\/461;\" \/><\/figure><div class=\"wp-block-media-text__content\">\n<h3 class=\"wp-block-heading\">Zr\u00f3b sobie przerw\u0119. Porozmawiaj z Bogiem.<\/h3>\n\n\n\n<p class=\"\">Uczy\u0144 modlitw\u0119 priorytetem. Naszym celem w Hallow jest pom\u00f3c Ci modli\u0107 si\u0119 wi\u0119cej i pozwoli\u0107, by B\u00f3g przyni\u00f3s\u0142 Ci sw\u00f3j pok\u00f3j. Wystarczy pobra\u0107 aplikacj\u0119, wybra\u0107 sesj\u0119, nacisn\u0105\u0107 przycisk play, zamkn\u0105\u0107 oczy i pozwoli\u0107 Bogu zrobi\u0107 reszt\u0119.<\/p>\n<\/div><\/div>\n\n\n\n<div class=\"wp-block-group\"><div class=\"wp-block-group__inner-container is-layout-flow wp-block-group-is-layout-flow\"><\/div><\/div>\n","protected":false},"excerpt":{"rendered":"<p>Znajd\u017a pok\u00f3j. Znajd\u017a Boga. Codzienna Koronka i R\u00f3\u017caniec Wybieraj spo\u015br\u00f3d setek medytacji aktualizowanych ka\u017cdego dnia, od medytacji minutowych a\u017c po godziny \u015bwi\u0119te. Nowenny i Litanie Odkryj swoj\u0105 wiar\u0119 na nowo dzi\u0119ki nowennom i litaniom, wyzwaniom pomagaj\u0105cym wzrasta\u0107 w pokorze i pokoju, modlitwom \u015awi\u0119tych i wielu innym! Historie biblijne do snu Zako\u0144cz sw\u00f3j dzie\u0144 z Chrystusem &hellip; <a href=\"https:\/\/hallow.com\/pl\/rafael\/\">Continued<\/a><\/p>\n","protected":false},"author":35,"featured_media":20373,"parent":0,"menu_order":0,"comment_status":"closed","ping_status":"closed","template":"views\/landing.blade.php","meta":{"_acf_changed":false,"_et_pb_use_builder":"","_et_pb_old_content":"","_et_gb_content_width":"","inline_featured_image":false,"footnotes":""},"class_list":["post-28279","page","type-page","status-publish","has-post-thumbnail","hentry"],"acf":[],"yoast_head":"<!-- This site is optimized with the Yoast SEO Premium plugin v24.3 (Yoast SEO v25.6) - https:\/\/yoast.com\/wordpress\/plugins\/seo\/ -->\n<title>Znajd\u017a Bo\u017cy pok\u00f3j przez modlitw\u0119 &#8211; Hallow<\/title>\n<meta name=\"description\" content=\"Znajd\u017a Bo\u017cy pok\u00f3j z Hallow- #1 w\u015br\u00f3d katolickich aplikacji do modlitwy, medytacji, muzyki, zasypiania i refleksji nad Bibli\u0105! Pobierz za darmo ju\u017c dzi\u015b.\" \/>\n<meta name=\"robots\" content=\"index, follow, max-snippet:-1, max-image-preview:large, max-video-preview:-1\" \/>\n<link rel=\"canonical\" href=\"https:\/\/hallow.com\/pl\/rafael\/\" \/>\n<meta property=\"og:locale\" content=\"pl_PL\" \/>\n<meta property=\"og:type\" content=\"article\" \/>\n<meta property=\"og:title\" content=\"Znajd\u017a Bo\u017cy pok\u00f3j przez modlitw\u0119\" \/>\n<meta property=\"og:description\" content=\"Znajd\u017a Bo\u017cy pok\u00f3j z Hallow- #1 w\u015br\u00f3d katolickich aplikacji do modlitwy, medytacji, muzyki, zasypiania i refleksji nad Bibli\u0105! Pobierz za darmo ju\u017c dzi\u015b.\" \/>\n<meta property=\"og:url\" content=\"https:\/\/hallow.com\/pl\/rafael\/\" \/>\n<meta property=\"og:site_name\" content=\"Hallow\" \/>\n<meta property=\"article:publisher\" content=\"https:\/\/facebook.com\/hallowapp\" \/>\n<meta property=\"article:modified_time\" content=\"2022-11-08T17:53:01+00:00\" \/>\n<meta property=\"og:image\" content=\"https:\/\/hallow.com\/wp-content\/uploads\/2022\/02\/Google-V5-1200-x-1200.png\" \/>\n\t<meta property=\"og:image:width\" content=\"1200\" \/>\n\t<meta property=\"og:image:height\" content=\"1200\" \/>\n\t<meta property=\"og:image:type\" content=\"image\/png\" \/>\n<meta name=\"twitter:card\" content=\"summary_large_image\" \/>\n<meta name=\"twitter:site\" content=\"@hallowapp\" \/>\n<script type=\"application\/ld+json\" class=\"yoast-schema-graph\">{\"@context\":\"https:\/\/schema.org\",\"@graph\":[{\"@type\":\"WebPage\",\"@id\":\"https:\/\/hallow.com\/pl\/rafael\/\",\"url\":\"https:\/\/hallow.com\/pl\/rafael\/\",\"name\":\"Znajd\u017a Bo\u017cy pok\u00f3j przez modlitw\u0119 &#8211; Hallow\",\"isPartOf\":{\"@id\":\"https:\/\/hallow.com\/pl\/#website\"},\"primaryImageOfPage\":{\"@id\":\"https:\/\/hallow.com\/pl\/rafael\/#primaryimage\"},\"image\":{\"@id\":\"https:\/\/hallow.com\/pl\/rafael\/#primaryimage\"},\"thumbnailUrl\":\"https:\/\/hallow.com\/wp-content\/uploads\/2022\/02\/Google-V5-1200-x-1200.png\",\"datePublished\":\"2022-11-07T22:55:43+00:00\",\"dateModified\":\"2022-11-08T17:53:01+00:00\",\"description\":\"Znajd\u017a Bo\u017cy pok\u00f3j z Hallow- #1 w\u015br\u00f3d katolickich aplikacji do modlitwy, medytacji, muzyki, zasypiania i refleksji nad Bibli\u0105! Pobierz za darmo ju\u017c dzi\u015b.\",\"breadcrumb\":{\"@id\":\"https:\/\/hallow.com\/pl\/rafael\/#breadcrumb\"},\"inLanguage\":\"pl-PL\",\"potentialAction\":[{\"@type\":\"ReadAction\",\"target\":[\"https:\/\/hallow.com\/pl\/rafael\/\"]}]},{\"@type\":\"ImageObject\",\"inLanguage\":\"pl-PL\",\"@id\":\"https:\/\/hallow.com\/pl\/rafael\/#primaryimage\",\"url\":\"https:\/\/hallow.com\/wp-content\/uploads\/2022\/02\/Google-V5-1200-x-1200.png\",\"contentUrl\":\"https:\/\/hallow.com\/wp-content\/uploads\/2022\/02\/Google-V5-1200-x-1200.png\",\"width\":1200,\"height\":1200,\"caption\":\"Pray every day this lent\"},{\"@type\":\"BreadcrumbList\",\"@id\":\"https:\/\/hallow.com\/pl\/rafael\/#breadcrumb\",\"itemListElement\":[{\"@type\":\"ListItem\",\"position\":1,\"name\":\"Home\",\"item\":\"https:\/\/hallow.com\/pl\/\"},{\"@type\":\"ListItem\",\"position\":2,\"name\":\"Znajd\u017a Bo\u017cy pok\u00f3j przez modlitw\u0119\"}]},{\"@type\":\"WebSite\",\"@id\":\"https:\/\/hallow.com\/pl\/#website\",\"url\":\"https:\/\/hallow.com\/pl\/\",\"name\":\"Hallow\",\"description\":\"Catholic Prayer and Meditation App\",\"publisher\":{\"@id\":\"https:\/\/hallow.com\/pl\/#organization\"},\"potentialAction\":[{\"@type\":\"SearchAction\",\"target\":{\"@type\":\"EntryPoint\",\"urlTemplate\":\"https:\/\/hallow.com\/pl\/?s={search_term_string}\"},\"query-input\":{\"@type\":\"PropertyValueSpecification\",\"valueRequired\":true,\"valueName\":\"search_term_string\"}}],\"inLanguage\":\"pl-PL\"},{\"@type\":\"Organization\",\"@id\":\"https:\/\/hallow.com\/pl\/#organization\",\"name\":\"Hallow\",\"url\":\"https:\/\/hallow.com\/pl\/\",\"logo\":{\"@type\":\"ImageObject\",\"inLanguage\":\"pl-PL\",\"@id\":\"https:\/\/hallow.com\/pl\/#\/schema\/logo\/image\/\",\"url\":\"https:\/\/hallow.com\/wp-content\/uploads\/2019\/04\/Purple-Logo.png\",\"contentUrl\":\"https:\/\/hallow.com\/wp-content\/uploads\/2019\/04\/Purple-Logo.png\",\"width\":1470,\"height\":292,\"caption\":\"Hallow\"},\"image\":{\"@id\":\"https:\/\/hallow.com\/pl\/#\/schema\/logo\/image\/\"},\"sameAs\":[\"https:\/\/facebook.com\/hallowapp\",\"https:\/\/x.com\/hallowapp\",\"https:\/\/instagram.com\/hallowapp\"]}]}<\/script>\n<!-- \/ Yoast SEO Premium plugin. -->","yoast_head_json":{"title":"Znajd\u017a Bo\u017cy pok\u00f3j przez modlitw\u0119 &#8211; Hallow","description":"Znajd\u017a Bo\u017cy pok\u00f3j z Hallow- #1 w\u015br\u00f3d katolickich aplikacji do modlitwy, medytacji, muzyki, zasypiania i refleksji nad Bibli\u0105! Pobierz za darmo ju\u017c dzi\u015b.","robots":{"index":"index","follow":"follow","max-snippet":"max-snippet:-1","max-image-preview":"max-image-preview:large","max-video-preview":"max-video-preview:-1"},"canonical":"https:\/\/hallow.com\/pl\/rafael\/","og_locale":"pl_PL","og_type":"article","og_title":"Znajd\u017a Bo\u017cy pok\u00f3j przez modlitw\u0119","og_description":"Znajd\u017a Bo\u017cy pok\u00f3j z Hallow- #1 w\u015br\u00f3d katolickich aplikacji do modlitwy, medytacji, muzyki, zasypiania i refleksji nad Bibli\u0105! Pobierz za darmo ju\u017c dzi\u015b.","og_url":"https:\/\/hallow.com\/pl\/rafael\/","og_site_name":"Hallow","article_publisher":"https:\/\/facebook.com\/hallowapp","article_modified_time":"2022-11-08T17:53:01+00:00","og_image":[{"width":1200,"height":1200,"url":"https:\/\/hallow.com\/wp-content\/uploads\/2022\/02\/Google-V5-1200-x-1200.png","type":"image\/png"}],"twitter_card":"summary_large_image","twitter_site":"@hallowapp","schema":{"@context":"https:\/\/schema.org","@graph":[{"@type":"WebPage","@id":"https:\/\/hallow.com\/pl\/rafael\/","url":"https:\/\/hallow.com\/pl\/rafael\/","name":"Znajd\u017a Bo\u017cy pok\u00f3j przez modlitw\u0119 &#8211; Hallow","isPartOf":{"@id":"https:\/\/hallow.com\/pl\/#website"},"primaryImageOfPage":{"@id":"https:\/\/hallow.com\/pl\/rafael\/#primaryimage"},"image":{"@id":"https:\/\/hallow.com\/pl\/rafael\/#primaryimage"},"thumbnailUrl":"https:\/\/hallow.com\/wp-content\/uploads\/2022\/02\/Google-V5-1200-x-1200.png","datePublished":"2022-11-07T22:55:43+00:00","dateModified":"2022-11-08T17:53:01+00:00","description":"Znajd\u017a Bo\u017cy pok\u00f3j z Hallow- #1 w\u015br\u00f3d katolickich aplikacji do modlitwy, medytacji, muzyki, zasypiania i refleksji nad Bibli\u0105! Pobierz za darmo ju\u017c dzi\u015b.","breadcrumb":{"@id":"https:\/\/hallow.com\/pl\/rafael\/#breadcrumb"},"inLanguage":"pl-PL","potentialAction":[{"@type":"ReadAction","target":["https:\/\/hallow.com\/pl\/rafael\/"]}]},{"@type":"ImageObject","inLanguage":"pl-PL","@id":"https:\/\/hallow.com\/pl\/rafael\/#primaryimage","url":"https:\/\/hallow.com\/wp-content\/uploads\/2022\/02\/Google-V5-1200-x-1200.png","contentUrl":"https:\/\/hallow.com\/wp-content\/uploads\/2022\/02\/Google-V5-1200-x-1200.png","width":1200,"height":1200,"caption":"Pray every day this lent"},{"@type":"BreadcrumbList","@id":"https:\/\/hallow.com\/pl\/rafael\/#breadcrumb","itemListElement":[{"@type":"ListItem","position":1,"name":"Home","item":"https:\/\/hallow.com\/pl\/"},{"@type":"ListItem","position":2,"name":"Znajd\u017a Bo\u017cy pok\u00f3j przez modlitw\u0119"}]},{"@type":"WebSite","@id":"https:\/\/hallow.com\/pl\/#website","url":"https:\/\/hallow.com\/pl\/","name":"Hallow","description":"Catholic Prayer and Meditation App","publisher":{"@id":"https:\/\/hallow.com\/pl\/#organization"},"potentialAction":[{"@type":"SearchAction","target":{"@type":"EntryPoint","urlTemplate":"https:\/\/hallow.com\/pl\/?s={search_term_string}"},"query-input":{"@type":"PropertyValueSpecification","valueRequired":true,"valueName":"search_term_string"}}],"inLanguage":"pl-PL"},{"@type":"Organization","@id":"https:\/\/hallow.com\/pl\/#organization","name":"Hallow","url":"https:\/\/hallow.com\/pl\/","logo":{"@type":"ImageObject","inLanguage":"pl-PL","@id":"https:\/\/hallow.com\/pl\/#\/schema\/logo\/image\/","url":"https:\/\/hallow.com\/wp-content\/uploads\/2019\/04\/Purple-Logo.png","contentUrl":"https:\/\/hallow.com\/wp-content\/uploads\/2019\/04\/Purple-Logo.png","width":1470,"height":292,"caption":"Hallow"},"image":{"@id":"https:\/\/hallow.com\/pl\/#\/schema\/logo\/image\/"},"sameAs":["https:\/\/facebook.com\/hallowapp","https:\/\/x.com\/hallowapp","https:\/\/instagram.com\/hallowapp"]}]}},"_links":{"self":[{"href":"https:\/\/hallow.com\/pl\/wp-json\/wp\/v2\/pages\/28279"}],"collection":[{"href":"https:\/\/hallow.com\/pl\/wp-json\/wp\/v2\/pages"}],"about":[{"href":"https:\/\/hallow.com\/pl\/wp-json\/wp\/v2\/types\/page"}],"author":[{"embeddable":true,"href":"https:\/\/hallow.com\/pl\/wp-json\/wp\/v2\/users\/35"}],"replies":[{"embeddable":true,"href":"https:\/\/hallow.com\/pl\/wp-json\/wp\/v2\/comments?post=28279"}],"version-history":[{"count":10,"href":"https:\/\/hallow.com\/pl\/wp-json\/wp\/v2\/pages\/28279\/revisions"}],"predecessor-version":[{"id":28715,"href":"https:\/\/hallow.com\/pl\/wp-json\/wp\/v2\/pages\/28279\/revisions\/28715"}],"wp:featuredmedia":[{"embeddable":true,"href":"https:\/\/hallow.com\/pl\/wp-json\/wp\/v2\/media\/20373"}],"wp:attachment":[{"href":"https:\/\/hallow.com\/pl\/wp-json\/wp\/v2\/media?parent=28279"}],"curies":[{"name":"wp","href":"https:\/\/api.w.org\/{rel}","templated":true}]}}