{"id":26695,"date":"2022-02-10T04:19:31","date_gmt":"2022-02-10T04:19:31","guid":{"rendered":"https:\/\/hallow.com\/?page_id=26695"},"modified":"2022-09-05T15:09:41","modified_gmt":"2022-09-05T15:09:41","slug":"politica-de-cookies","status":"publish","type":"page","link":"https:\/\/hallow.com\/pt-br\/politica-de-cookies\/","title":{"rendered":"Pol\u00edtica de Cookies"},"content":{"rendered":"\n<p class=\"\">Esta Pol\u00edtica de Cookies est\u00e1 incorporada \u00e0 nossa <a href=\"https:\/\/hallow.com\/privacy-policy\/\">Pol\u00edtica de Privacidade<\/a>, que tamb\u00e9m faz parte dos nossos <a href=\"https:\/\/hallow.com\/terms-of-service\/\">Termos de Servi\u00e7o<\/a>. Na falta de defini\u00e7\u00f5es para quaisquer termos usados nesta Pol\u00edtica de Cookies, as mesmas podem ser encontradas nos Termos de Servi\u00e7o ou na Pol\u00edtica de Privacidade. Se acaso tiver alguma d\u00favida sobre esta Pol\u00edtica de Cookies, entre em contato conosco pelo e-mail <a href=\"mailto:support@hallow.com\">support@hallow.com<\/a>.<\/p>\n\n\n\n<p class=\"\">Nossos Servi\u00e7os utilizam cookies e tecnologias semelhantes, como tags de pixel, web beacons, GIFs transparentes e JavaScript (coletivamente, \u201cCookies\u201d) para permitir que nossos servidores reconhe\u00e7am seu navegador web, nos informem como e quando voc\u00ea acessa, e usa nossos Servi\u00e7os, analisam tend\u00eancias, aprendem sobre nossa base de usu\u00e1rios, operam e melhoram nossos Servi\u00e7os. Os cookies s\u00e3o pequenos peda\u00e7os de dados, geralmente arquivos de texto, armazenados no seu computador, tablet, celular ou dispositivo semelhante quando voc\u00ea usa esse dispositivo para acessar os nossos Servi\u00e7os. Um dos fornecedores com quem trabalhamos (por exemplo, a Baremetrics \u2014 nossa plataforma de an\u00e1lise de receita) extrai automaticamente perfis sociais p\u00fablicos quando dispon\u00edveis. Assim que descobrimos isso, desativamos essa funcionalidade. Observe que, devido ao uso de Cookies, os Servi\u00e7os n\u00e3o s\u00e3o atualmente compat\u00edveis com solicita\u00e7\u00f5es de \u201cN\u00e3o Rastrear\u201d enviadas de um navegador.<\/p>\n\n\n\n<p class=\"\">Utilizamos os seguintes tipos de cookies:<\/p>\n\n\n\n<ul class=\"wp-block-list\"><li><strong>Cookies estritamente necess\u00e1rios.<\/strong> Estes cookies s\u00e3o necess\u00e1rios para fornecer recursos ou servi\u00e7os que voc\u00ea solicitou. Por exemplo, certos Cookies permitem que voc\u00ea fa\u00e7a login em \u00e1reas seguras dos nossos Servi\u00e7os. A desativa\u00e7\u00e3o desses Cookies pode tornar determinados recursos e servi\u00e7os indispon\u00edveis.<\/li><li><strong>Cookies funcionais.<\/strong> Os cookies funcionais s\u00e3o usados para registrar suas escolhas e configura\u00e7\u00f5es referentes aos nossos Servi\u00e7os, manter suas prefer\u00eancias ao longo do tempo e fazer seu reconhecimento quando voltar a acessar os nossos Servi\u00e7os. Esses Cookies nos ajudam a personalizar o nosso conte\u00fado para voc\u00ea, cumpriment\u00e1-lo pelo seu nome e lembrar suas prefer\u00eancias (por exemplo, a sua escolha de idioma ou regi\u00e3o).<\/li><li><strong>Cookies de desempenho.<\/strong> Os cookies de desempenho nos permitem avaliar e melhorar o desempenho dos nossos Servi\u00e7os. Eles fazem isso coletando informa\u00e7\u00f5es sobre o n\u00famero de visitantes dos Servi\u00e7os, quais p\u00e1ginas os visitantes visualizam, com quais links interagem nos nossos Servi\u00e7os, por quanto tempo visualizam as p\u00e1ginas nos Servi\u00e7os e se os visitantes interagiram com determinadas comunica\u00e7\u00f5es.<\/li><li><strong>Cookies de segmenta\u00e7\u00e3o.<\/strong> Os cookies de segmenta\u00e7\u00e3o nos ajudam a fornecer conte\u00fado de marketing que acreditamos ser \u00fatil para voc\u00ea. N\u00e3o usamos nem divulgamos Dados Pessoais de nenhum usu\u00e1rio que seja uma Crian\u00e7a com idade inferior \u00e0quela de consentimento para direcionamento comportamental de an\u00fancios.<\/li><\/ul>\n\n\n\n<p class=\"\">Voc\u00ea pode decidir se prefere aceitar ou n\u00e3o os Cookies atrav\u00e9s das configura\u00e7\u00f5es do seu navegador de internet. A maioria dos navegadores oferece a op\u00e7\u00e3o de desativar a funcionalidade de Cookies, o que impedir\u00e1 seu navegador de aceitar novos Cookies, bem como permitir (a depender da sofistica\u00e7\u00e3o do software do seu navegador) que voc\u00ea decida sobre a aceita\u00e7\u00e3o de cada novo cookie de v\u00e1rias maneiras. Voc\u00ea tamb\u00e9m pode excluir todos os Cookies que j\u00e1 est\u00e3o no seu dispositivo. No entanto, se voc\u00ea fizer isso, poder\u00e1 ter que ajustar manualmente algumas prefer\u00eancias toda vez que visitar nosso site e, alguns dos Servi\u00e7os e funcionalidades podem n\u00e3o funcionar.&nbsp;<\/p>\n\n\n\n<p class=\"\">Para explorar quais configura\u00e7\u00f5es de cookies est\u00e3o dispon\u00edveis para voc\u00ea, acesse a se\u00e7\u00e3o \u201cprefer\u00eancias\u201d ou \u201cop\u00e7\u00f5es\u201d do menu do seu navegador. Para obter mais informa\u00e7\u00f5es sobre Cookies, incluindo informa\u00e7\u00f5es sobre como gerenciar e excluir Cookies, acesse <a href=\"http:\/\/www.allaboutcookies.org\/\">http:\/\/www.allaboutcookies.org\/ ou <\/a><a href=\"https:\/\/ico.org.uk\/for-the-public\/online\/cookies\/\">http:\/\/www.allaboutcookies.org\/ <\/a>se voc\u00ea estiver na Uni\u00e3o Europeia.<\/p>\n\n\n\n<p class=\"\">Voc\u00ea tamb\u00e9m pode optar por n\u00e3o receber determinados Cookies usando o <a href=\"#cookie-manager\">Gerenciador de cookies<\/a> em nosso site, e pode alterar as configura\u00e7\u00f5es do seu dispositivo m\u00f3vel para limitar o rastreamento pelo aplicativo.&nbsp;<\/p>\n\n\n\n<p class=\"\"><\/p>\n\n\n\n<p class=\"m-3\"><\/p>\n","protected":false},"excerpt":{"rendered":"<p>Esta Pol\u00edtica de Cookies est\u00e1 incorporada \u00e0 nossa Pol\u00edtica de Privacidade, que tamb\u00e9m faz parte dos nossos Termos de Servi\u00e7o. Na falta de defini\u00e7\u00f5es para quaisquer termos usados nesta Pol\u00edtica de Cookies, as mesmas podem ser encontradas nos Termos de Servi\u00e7o ou na Pol\u00edtica de Privacidade. Se acaso tiver alguma d\u00favida sobre esta Pol\u00edtica de &hellip; <a href=\"https:\/\/hallow.com\/pt-br\/politica-de-cookies\/\">Continued<\/a><\/p>\n","protected":false},"author":1,"featured_media":0,"parent":0,"menu_order":0,"comment_status":"closed","ping_status":"closed","template":"","meta":{"_acf_changed":false,"_et_pb_use_builder":"","_et_pb_old_content":"","_et_gb_content_width":"","inline_featured_image":false,"footnotes":""},"class_list":["post-26695","page","type-page","status-publish","hentry"],"acf":[],"yoast_head":"<!-- This site is optimized with the Yoast SEO Premium plugin v24.3 (Yoast SEO v25.6) - https:\/\/yoast.com\/wordpress\/plugins\/seo\/ -->\n<title>Pol\u00edtica de Cookies &#8211; Hallow<\/title>\n<meta name=\"robots\" content=\"index, follow, max-snippet:-1, max-image-preview:large, max-video-preview:-1\" \/>\n<link rel=\"canonical\" href=\"https:\/\/hallow.com\/pt-br\/politica-de-cookies\/\" \/>\n<meta property=\"og:locale\" content=\"pt_BR\" \/>\n<meta property=\"og:type\" content=\"article\" \/>\n<meta property=\"og:title\" content=\"Pol\u00edtica de Cookies\" \/>\n<meta property=\"og:description\" content=\"Esta Pol\u00edtica de Cookies est\u00e1 incorporada \u00e0 nossa Pol\u00edtica de Privacidade, que tamb\u00e9m faz parte dos nossos Termos de Servi\u00e7o. Na falta de defini\u00e7\u00f5es para quaisquer termos usados nesta Pol\u00edtica de Cookies, as mesmas podem ser encontradas nos Termos de Servi\u00e7o ou na Pol\u00edtica de Privacidade. Se acaso tiver alguma d\u00favida sobre esta Pol\u00edtica de &hellip; Continued\" \/>\n<meta property=\"og:url\" content=\"https:\/\/hallow.com\/pt-br\/politica-de-cookies\/\" \/>\n<meta property=\"og:site_name\" content=\"Hallow\" \/>\n<meta property=\"article:publisher\" content=\"https:\/\/facebook.com\/hallowapp\" \/>\n<meta property=\"article:modified_time\" content=\"2022-09-05T15:09:41+00:00\" \/>\n<meta property=\"og:image\" content=\"https:\/\/hallow.com\/wp-content\/uploads\/2022\/04\/Branch.png\" \/>\n\t<meta property=\"og:image:width\" content=\"1080\" \/>\n\t<meta property=\"og:image:height\" content=\"1080\" \/>\n\t<meta property=\"og:image:type\" content=\"image\/png\" \/>\n<meta name=\"twitter:card\" content=\"summary_large_image\" \/>\n<meta name=\"twitter:site\" content=\"@hallowapp\" \/>\n<script type=\"application\/ld+json\" class=\"yoast-schema-graph\">{\"@context\":\"https:\/\/schema.org\",\"@graph\":[{\"@type\":\"WebPage\",\"@id\":\"https:\/\/hallow.com\/pt-br\/politica-de-cookies\/\",\"url\":\"https:\/\/hallow.com\/pt-br\/politica-de-cookies\/\",\"name\":\"Pol\u00edtica de Cookies &#8211; Hallow\",\"isPartOf\":{\"@id\":\"https:\/\/hallow.com\/pt-br\/#website\"},\"datePublished\":\"2022-02-10T04:19:31+00:00\",\"dateModified\":\"2022-09-05T15:09:41+00:00\",\"breadcrumb\":{\"@id\":\"https:\/\/hallow.com\/pt-br\/politica-de-cookies\/#breadcrumb\"},\"inLanguage\":\"pt-BR\",\"potentialAction\":[{\"@type\":\"ReadAction\",\"target\":[\"https:\/\/hallow.com\/pt-br\/politica-de-cookies\/\"]}]},{\"@type\":\"BreadcrumbList\",\"@id\":\"https:\/\/hallow.com\/pt-br\/politica-de-cookies\/#breadcrumb\",\"itemListElement\":[{\"@type\":\"ListItem\",\"position\":1,\"name\":\"Home\",\"item\":\"https:\/\/hallow.com\/pt-br\/\"},{\"@type\":\"ListItem\",\"position\":2,\"name\":\"Pol\u00edtica de Cookies\"}]},{\"@type\":\"WebSite\",\"@id\":\"https:\/\/hallow.com\/pt-br\/#website\",\"url\":\"https:\/\/hallow.com\/pt-br\/\",\"name\":\"Hallow\",\"description\":\"Catholic Prayer and Meditation App\",\"publisher\":{\"@id\":\"https:\/\/hallow.com\/pt-br\/#organization\"},\"potentialAction\":[{\"@type\":\"SearchAction\",\"target\":{\"@type\":\"EntryPoint\",\"urlTemplate\":\"https:\/\/hallow.com\/pt-br\/?s={search_term_string}\"},\"query-input\":{\"@type\":\"PropertyValueSpecification\",\"valueRequired\":true,\"valueName\":\"search_term_string\"}}],\"inLanguage\":\"pt-BR\"},{\"@type\":\"Organization\",\"@id\":\"https:\/\/hallow.com\/pt-br\/#organization\",\"name\":\"Hallow\",\"url\":\"https:\/\/hallow.com\/pt-br\/\",\"logo\":{\"@type\":\"ImageObject\",\"inLanguage\":\"pt-BR\",\"@id\":\"https:\/\/hallow.com\/pt-br\/#\/schema\/logo\/image\/\",\"url\":\"https:\/\/hallow.com\/wp-content\/uploads\/2019\/04\/Purple-Logo.png\",\"contentUrl\":\"https:\/\/hallow.com\/wp-content\/uploads\/2019\/04\/Purple-Logo.png\",\"width\":1470,\"height\":292,\"caption\":\"Hallow\"},\"image\":{\"@id\":\"https:\/\/hallow.com\/pt-br\/#\/schema\/logo\/image\/\"},\"sameAs\":[\"https:\/\/facebook.com\/hallowapp\",\"https:\/\/x.com\/hallowapp\",\"https:\/\/instagram.com\/hallowapp\"]}]}<\/script>\n<!-- \/ Yoast SEO Premium plugin. -->","yoast_head_json":{"title":"Pol\u00edtica de Cookies &#8211; Hallow","robots":{"index":"index","follow":"follow","max-snippet":"max-snippet:-1","max-image-preview":"max-image-preview:large","max-video-preview":"max-video-preview:-1"},"canonical":"https:\/\/hallow.com\/pt-br\/politica-de-cookies\/","og_locale":"pt_BR","og_type":"article","og_title":"Pol\u00edtica de Cookies","og_description":"Esta Pol\u00edtica de Cookies est\u00e1 incorporada \u00e0 nossa Pol\u00edtica de Privacidade, que tamb\u00e9m faz parte dos nossos Termos de Servi\u00e7o. Na falta de defini\u00e7\u00f5es para quaisquer termos usados nesta Pol\u00edtica de Cookies, as mesmas podem ser encontradas nos Termos de Servi\u00e7o ou na Pol\u00edtica de Privacidade. Se acaso tiver alguma d\u00favida sobre esta Pol\u00edtica de &hellip; Continued","og_url":"https:\/\/hallow.com\/pt-br\/politica-de-cookies\/","og_site_name":"Hallow","article_publisher":"https:\/\/facebook.com\/hallowapp","article_modified_time":"2022-09-05T15:09:41+00:00","og_image":[{"width":1080,"height":1080,"url":"https:\/\/hallow.com\/wp-content\/uploads\/2022\/04\/Branch.png","type":"image\/png"}],"twitter_card":"summary_large_image","twitter_site":"@hallowapp","schema":{"@context":"https:\/\/schema.org","@graph":[{"@type":"WebPage","@id":"https:\/\/hallow.com\/pt-br\/politica-de-cookies\/","url":"https:\/\/hallow.com\/pt-br\/politica-de-cookies\/","name":"Pol\u00edtica de Cookies &#8211; Hallow","isPartOf":{"@id":"https:\/\/hallow.com\/pt-br\/#website"},"datePublished":"2022-02-10T04:19:31+00:00","dateModified":"2022-09-05T15:09:41+00:00","breadcrumb":{"@id":"https:\/\/hallow.com\/pt-br\/politica-de-cookies\/#breadcrumb"},"inLanguage":"pt-BR","potentialAction":[{"@type":"ReadAction","target":["https:\/\/hallow.com\/pt-br\/politica-de-cookies\/"]}]},{"@type":"BreadcrumbList","@id":"https:\/\/hallow.com\/pt-br\/politica-de-cookies\/#breadcrumb","itemListElement":[{"@type":"ListItem","position":1,"name":"Home","item":"https:\/\/hallow.com\/pt-br\/"},{"@type":"ListItem","position":2,"name":"Pol\u00edtica de Cookies"}]},{"@type":"WebSite","@id":"https:\/\/hallow.com\/pt-br\/#website","url":"https:\/\/hallow.com\/pt-br\/","name":"Hallow","description":"Catholic Prayer and Meditation App","publisher":{"@id":"https:\/\/hallow.com\/pt-br\/#organization"},"potentialAction":[{"@type":"SearchAction","target":{"@type":"EntryPoint","urlTemplate":"https:\/\/hallow.com\/pt-br\/?s={search_term_string}"},"query-input":{"@type":"PropertyValueSpecification","valueRequired":true,"valueName":"search_term_string"}}],"inLanguage":"pt-BR"},{"@type":"Organization","@id":"https:\/\/hallow.com\/pt-br\/#organization","name":"Hallow","url":"https:\/\/hallow.com\/pt-br\/","logo":{"@type":"ImageObject","inLanguage":"pt-BR","@id":"https:\/\/hallow.com\/pt-br\/#\/schema\/logo\/image\/","url":"https:\/\/hallow.com\/wp-content\/uploads\/2019\/04\/Purple-Logo.png","contentUrl":"https:\/\/hallow.com\/wp-content\/uploads\/2019\/04\/Purple-Logo.png","width":1470,"height":292,"caption":"Hallow"},"image":{"@id":"https:\/\/hallow.com\/pt-br\/#\/schema\/logo\/image\/"},"sameAs":["https:\/\/facebook.com\/hallowapp","https:\/\/x.com\/hallowapp","https:\/\/instagram.com\/hallowapp"]}]}},"_links":{"self":[{"href":"https:\/\/hallow.com\/pt-br\/wp-json\/wp\/v2\/pages\/26695"}],"collection":[{"href":"https:\/\/hallow.com\/pt-br\/wp-json\/wp\/v2\/pages"}],"about":[{"href":"https:\/\/hallow.com\/pt-br\/wp-json\/wp\/v2\/types\/page"}],"author":[{"embeddable":true,"href":"https:\/\/hallow.com\/pt-br\/wp-json\/wp\/v2\/users\/1"}],"replies":[{"embeddable":true,"href":"https:\/\/hallow.com\/pt-br\/wp-json\/wp\/v2\/comments?post=26695"}],"version-history":[{"count":2,"href":"https:\/\/hallow.com\/pt-br\/wp-json\/wp\/v2\/pages\/26695\/revisions"}],"predecessor-version":[{"id":26715,"href":"https:\/\/hallow.com\/pt-br\/wp-json\/wp\/v2\/pages\/26695\/revisions\/26715"}],"wp:attachment":[{"href":"https:\/\/hallow.com\/pt-br\/wp-json\/wp\/v2\/media?parent=26695"}],"curies":[{"name":"wp","href":"https:\/\/api.w.org\/{rel}","templated":true}]}}